{"id":228177,"date":"2023-02-24T15:28:56","date_gmt":"2023-02-24T14:28:56","guid":{"rendered":"https:\/\/rbourgeois.net\/datenschutzrichtlinie\/"},"modified":"2024-07-16T22:35:13","modified_gmt":"2024-07-16T20:35:13","slug":"datenschutzrichtlinie","status":"publish","type":"page","link":"https:\/\/rbourgeois.fr\/de\/datenschutzrichtlinie\/","title":{"rendered":"Datenschutzrichtlinie"},"content":{"rendered":"<p>[et_pb_section fb_built=&#8220;1&#8243; module_class=&#8220;section-h-reduit&#8220; _builder_version=&#8220;4.24.3&#8243; _module_preset=&#8220;default&#8220; custom_padding=&#8220;0px||||false|false&#8220; global_colors_info=&#8220;{}&#8220;][et_pb_row _builder_version=&#8220;4.24.3&#8243; _module_preset=&#8220;default&#8220; custom_padding=&#8220;0px||||false|false&#8220; global_colors_info=&#8220;{}&#8220;][et_pb_column type=&#8220;4_4&#8243; _builder_version=&#8220;4.24.3&#8243; _module_preset=&#8220;default&#8220; global_colors_info=&#8220;{}&#8220;][et_pb_post_title meta=&#8220;off&#8220; featured_image=&#8220;off&#8220; _builder_version=&#8220;4.24.3&#8243; _module_preset=&#8220;default&#8220; global_colors_info=&#8220;{}&#8220;][\/et_pb_post_title][\/et_pb_column][\/et_pb_row][et_pb_row _builder_version=&#8220;4.24.3&#8243; _module_preset=&#8220;default&#8220; global_colors_info=&#8220;{}&#8220;][et_pb_column type=&#8220;4_4&#8243; _builder_version=&#8220;4.24.3&#8243; _module_preset=&#8220;default&#8220; global_colors_info=&#8220;{}&#8220;][et_pb_text _builder_version=&#8220;4.25.2&#8243; _module_preset=&#8220;default&#8220; global_colors_info=&#8220;{}&#8220;]<\/p>\n<p><em>Datum des Inkrafttretens: 30.04.2024<\/em><\/p>\n<p>R.BOURGEOIS (\u201euns\u201c, \u201ewir\u201c oder \u201eunser\u201c) betreibt die Website https:\/\/rbourgeois.fr (im Nachfolgenden als der \u201eService\u201c bezeichnet).<\/p>\n<p>Auf dieser Seite informieren wir Sie \u00fcber unsere Richtlinien in Bezug auf die Erhebung, Verwendung und Offenlegung personenbezogener Daten bei Ihrer Nutzung unseres Services und \u00fcber Ihre Optionen in Bezug auf diese Daten.<\/p>\n<p>Wir verwenden Ihre Daten, um den Service bereitzustellen und zu verbessern. Durch die Nutzung des Services stimmen Sie der Erhebung und Nutzung von Informationen gem\u00e4\u00df dieser Richtlinie zu. <\/p>\n<h2>Definitionen<\/h2>\n<ul>\n<li><strong>Service<\/strong>: Der Service ist die von R.BOURGEOIS betriebene Website https:\/\/rbourgeois.fr<\/li>\n<li><strong>Personenbezogene Daten<\/strong>: Personenbezogene Daten sind Daten \u00fcber eine lebende Person, die anhand dieser Daten identifiziert werden kann (oder anhand dieser Daten in Kombination mit anderen Informationen, die sich entweder in unserem Besitz befinden oder wahrscheinlich in unseren Besitz gelangen werden).<\/li>\n<li><strong>Nutzungsdaten<\/strong>: Nutzungsdaten werden automatisch erhoben und entweder durch die Nutzung des Services oder durch die Serviceinfrastruktur selbst generiert (beispielsweise Angaben zur Dauer eines Seitenbesuchs).<\/li>\n<li><strong>Cookies<\/strong>: Cookies sind kleine Dateien, die auf Ihrem Ger\u00e4t (Computer oder Mobilger\u00e4t) gespeichert werden.<\/li>\n<li><strong>Datenverantwortlicher<\/strong>: Der f\u00fcr die Daten Verantwortliche ist die nat\u00fcrliche oder juristische Person, die (entweder allein, gemeinsam oder mit anderen Personen) die Zwecke und die Art und Weise bestimmt, f\u00fcr die und auf die personenbezogene Daten verarbeitet werden oder werden sollen. F\u00fcr die Zwecke dieser Datenschutzrichtlinie sind wir der Datenverantwortliche f\u00fcr Ihre personenbezogenen Daten. <\/li>\n<li><strong>Auftragsverarbeiter (oder Dienstleister)<\/strong>: Der Auftragsverarbeiter (oder Dienstleister) ist die nat\u00fcrliche oder juristische Person, die die Daten im Auftrag des Datenverantwortlichen verarbeitet. Wir nehmen gegebenenfalls die Dienste verschiedener Dienstleister in Anspruch, um Ihre Daten effektiver zu verarbeiten. <\/li>\n<li><strong>Betroffene Person (oder Nutzer)<\/strong>: Die betroffene Person ist eine lebende, nat\u00fcrliche Person, die unseren Service nutzt und auf die sich die personenbezogenen Daten beziehen.<\/li>\n<\/ul>\n<h2>Erhebung und Verwendung von Informationen<\/h2>\n<p>Wir erheben mehrere verschiedene Arten von Informationen f\u00fcr unterschiedliche Zwecke, um unseren Service f\u00fcr Sie bereitzustellen und zu verbessern.<\/p>\n<h3>Art der erhobenen Daten<\/h3>\n<h4>Personenbezogene Daten<\/h4>\n<p>W\u00e4hrend der Nutzung unseres Services bitten wir Sie eventuell, uns bestimmte, pers\u00f6nlich identifizierbare Informationen zur Verf\u00fcgung zu stellen, die verwendet werden k\u00f6nnen, um Sie zu kontaktieren oder zu identifizieren (\u201epersonenbezogene Daten\u201c). Pers\u00f6nlich identifizierbare Informationen k\u00f6nnen Folgendes beinhalten, sind jedoch nicht darauf beschr\u00e4nkt: <\/p>\n<ul>\n<li>E-Mail-Adresse<\/li>\n<li>Vor- und Nachname<\/li>\n<li>Cookies und Nutzungsdaten<\/li>\n<\/ul>\n<p>Eventuell verwenden wir Ihre personenbezogenen Daten, um Sie mit Newsletters, Marketing- oder Werbematerialen und anderen Informationen zu kontaktieren, die Sie interessieren k\u00f6nnten.<\/p>\n<p>Sie k\u00f6nnen den Empfang beliebiger oder aller dieser Mitteilungen von uns abw\u00e4hlen, indem Sie auf den \u201eAbmelden\u201c-Link klicken oder die Anleitungen befolgen, die in allen von uns versandten E-Mails enthalten sind.<\/p>\n<h4>Nutzungsdaten<\/h4>\n<p>Wir erheben eventuell auch Informationen dar\u00fcber, wie auf den Service zugegriffen und wie dieser genutzt wird (\u201eNutzungsdaten\u201c). Diese Nutzungsdaten k\u00f6nnen gegebenenfalls Informationen wie die Internet-Protokoll-Adresse (IP-Adresse) Ihres Computers, die Browser-Art und -Version, die von Ihnen besuchten Seiten unseres Services, die Uhrzeit und das Datum Ihres Besuchs, die auf diesen Seiten verbrachte Zeit, einmalige Ger\u00e4tekennungen und andere diagnostische Daten beinhalten. <\/p>\n<h4>Tracking- und Cookies-Daten<\/h4>\n<p>Wir verwenden Cookies und \u00e4hnliche Tracking-Technologien, um die Aktivit\u00e4ten auf unserem Service zu verfolgen, und bewahren einige dieser Informationen auf.<\/p>\n<p>Cookies sind Dateien mit kleinen Datenmengen, die eine anonyme eindeutige Kennung enthalten k\u00f6nnen. Cookies werden von einer Website an Ihren Browser gesendet und auf Ihrem Ger\u00e4t gespeichert. Es werden auch andere Tracking-Technologien wie Beacons, Tags oder Scripts verwendet, um Informationen zu erheben und zu verfolgen und um unseren Service zu verbessern und zu analysieren.  <\/p>\n<p>Sie k\u00f6nnen Ihren Browser einstellen, um alle Cookies abzulehnen oder Sie zu informieren, wenn ein Cookie gesendet wird. Falls Sie jedoch Cookies nicht akzeptieren, sind Sie eventuell nicht imstande, bestimmte Teile unseres Services zu nutzen. <\/p>\n<p>Beispiele f\u00fcr von uns verwendete Cookies:<\/p>\n<ul>\n<li>Session Cookies. Wir verwenden Session Cookies, um unseren Service zu betreiben. <\/li>\n<li>Pr\u00e4ferenz-Cookies. Wir verwenden Pr\u00e4ferenz-Cookies, um Ihre Pr\u00e4ferenzen und verschiedene Einstellungen zu speichern. <\/li>\n<li>Sicherheits-Cookies. Wir verwenden Sicherheits-Cookies f\u00fcr Sicherheitszwecke. <\/li>\n<\/ul>\n<h2>Verwendung von Daten<\/h2>\n<p>R.BOURGEOIS verwendet die erhobenen Daten f\u00fcr verschiedene Zwecke:<\/p>\n<ul>\n<li>Um unseren Service bereitzustellen und zu warten<\/li>\n<li>Um Sie \u00fcber \u00c4nderungen an unserem Service zu benachrichtigen<\/li>\n<li>Um Ihnen auf Wunsch die Teilnahme an interaktiven Funktionen unseres Services zu erm\u00f6glichen<\/li>\n<li>Um Kundendienst bereitzustellen<\/li>\n<li>Um Analysen zu erstellen oder n\u00fctzliche Informationen zu sammeln, damit wir unseren Service verbessern k\u00f6nnen<\/li>\n<li>Um die Nutzung unseres Services zu \u00fcberwachen<\/li>\n<li>Um technische Probleme festzustellen, zu verhindern und zu beheben<\/li>\n<li>Um Ihnen Nachrichten, Sonderangebote und allgemeine Informationen \u00fcber andere von uns angebotene Waren, Dienstleistungen und Veranstaltungen zur Verf\u00fcgung zu stellen, die denen \u00e4hneln, die Sie bereits gekauft oder \u00fcber die Sie sich erkundigt haben, solange Sie den Erhalt solcher Informationen nicht abbestellt haben.<\/li>\n<\/ul>\n<p><em>Rechtsgrundlage f\u00fcr die Verarbeitung personenbezogener Daten gem\u00e4\u00df der Datenschutz-Grundverordnung (DSGVO). <\/em><\/p>\n<p>Wenn Sie aus dem Europ\u00e4ischen Wirtschaftsraum kommen (EWR), ist die Rechtsgrundlage von R.BOURGEOIS f\u00fcr die Erhebung und Verwendung der in dieser Datenschutzrichtlinie beschriebenen personenbezogenen Daten von den von uns erhobenen personenbezogenen Daten sowie von dem Zusammenhang abh\u00e4ngig, in dem wir diese erheben.<\/p>\n<p>R.BOURGEOIS kann Ihre personenbezogenen Daten aus folgenden Gr\u00fcnden verarbeiten:<\/p>\n<ul>\n<li>Wir m\u00fcssen einen Vertrag mit Ihnen erf\u00fcllen<\/li>\n<li>Sie haben uns die Erlaubnis dazu erteilt<\/li>\n<li>Die Verarbeitung ist in unserem berechtigten Interesse<br \/>und wird nicht durch Ihre Rechte verhindert<\/li>\n<li>F\u00fcr Zwecke der Zahlungsverarbeitung<\/li>\n<li>Zur Einhaltung des Gesetzes<\/li>\n<\/ul>\n<h2>Aufbewahrung der Daten<\/h2>\n<p>R.BOURGEOIS bewahrt Ihre personenbezogenen Daten nur so lange auf, wie es f\u00fcr die in dieser Datenschutzrichtlinie aufgef\u00fchrten Zwecke notwendig ist. Wir verwahren und verwenden Ihre personenbezogenen Daten in dem Umfang, der notwendig ist, um unsere rechtlichen Verpflichtungen zu erf\u00fcllen (falls wir beispielsweise verpflichtet sind, Ihre Daten aufzubewahren, um geltende Gesetze einzuhalten), Streitigkeiten beizulegen und unsere rechtlichen Vereinbarungen und Richtlinien durchzusetzen. <\/p>\n<p>R.BOURGEOIS bewahrt zudem Nutzungsdaten f\u00fcr interne Analysezwecke auf. Nutzungsdaten werden in der Regel f\u00fcr eine k\u00fcrzere Zeit aufbewahrt, ausgenommen, wenn diese Daten zur St\u00e4rkung der Sicherheit oder zur Verbesserung der Funktionalit\u00e4t unseres Services verwendet werden, oder wenn wir rechtlich verpflichtet sind, diese Daten f\u00fcr eine l\u00e4ngere Zeit aufzubewahren. <\/p>\n<h2>Daten\u00fcbermittlung<\/h2>\n<p>Ihre Informationen, einschlie\u00dflich personenbezogener Daten, k\u00f6nnen an Computer \u00fcbermittelt \u2013 und auf diesen gewartet \u2013 werden, die au\u00dferhalb Ihres Staates, Ihrer Provinz, Ihres Verwaltungsbezirks oder einer anderen beh\u00f6rdlichen Gerichtsbarkeit befindlich sind, wo die Datenschutzgesetze sich von denen in Ihrer Gerichtsbarkeit unterscheiden.<\/p>\n<p>Falls Sie sich au\u00dferhalb von Frankreich aufhalten und beschlie\u00dfen, uns Informationen zur Verf\u00fcgung zu stellen, beachten Sie bitte, dass wir die Daten, einschlie\u00dflich personenbezogener Daten, nach Frankreich \u00fcbertragen und dort verarbeiten.<\/p>\n<p>Ihre Zustimmung zu dieser Datenschutzrichtlinie und Ihr darauffolgendes Einreichen dieser Informationen stellt Ihre Einwilligung in diese \u00dcbertragung dar.<\/p>\n<p>R.BOURGEOIS wird alle vern\u00fcnftigerweise notwendigen Ma\u00dfnahmen ergreifen, um daf\u00fcr zu sorgen, dass Ihre Daten sicher und gem\u00e4\u00df dieser Datenschutzrichtlinie behandelt werden, und Ihre personenbezogenen Daten werden an keine Organisation und an kein Land \u00fcbermittelt, solange keine angemessenen Kontrollvorrichtungen bestehen, einschlie\u00dflich der Sicherstellung der Sicherheit Ihrer Daten und anderen personenbezogenen Informationen.<\/p>\n<h2>Offenlegung von Daten<\/h2>\n<h3>Offenlegung zur Gesetzesvollstreckung<\/h3>\n<p>Unter bestimmten Umst\u00e4nden ist R.BOURGEOIS eventuell verpflichtet, Ihre personenbezogenen Daten offenzulegen, falls dies gesetzlich oder zur Beantwortung rechtsg\u00fcltiger Anfragen \u00f6ffentlicher Beh\u00f6rden (z. B. eines Gerichts oder einer Regierungsbeh\u00f6rde) erforderlich ist.<\/p>\n<h3>Rechtliche Anforderungen<\/h3>\n<p>R.BOURGEOIS kann Ihre personenbezogenen Daten offenlegen, falls das Unternehmen vern\u00fcnftigerweise glaubt, dass dies aus einem der folgenden Gr\u00fcnde notwendig ist:<\/p>\n<ul>\n<li>Um eine rechtliche Verpflichtung zu erf\u00fcllen<\/li>\n<li>Um die Rechte oder das Eigentum von R.BOURGEOIS zu sch\u00fctzen und zu verteidigen<\/li>\n<li>Um m\u00f6gliches Fehlverhalten in Verbindung mit dem Service zu verhindern oder zu untersuchen<\/li>\n<li>Um die pers\u00f6nliche Sicherheit der Nutzer des Services oder der \u00d6ffentlichkeit zu sch\u00fctzen<\/li>\n<li>Zum Schutz vor gesetzlicher Haftpflicht<\/li>\n<\/ul>\n<h2>Datenschutz<\/h2>\n<p>Die Sicherheit Ihrer Daten ist uns wichtig. Denken Sie aber bitte daran, dass keine Internet\u00fcbertragung oder elektronische Speichermethode vollst\u00e4ndig sicher ist. Wir bem\u00fchen uns um den Einsatz kommerziell akzeptabler Methoden zum Schutz Ihrer personenbezogenen Daten, k\u00f6nnen deren absolute Sicherheit jedoch nicht garantieren.  <\/p>\n<p><em>Ihre Datenschutzrechte gem\u00e4\u00df der Datenschutz-Grundverordnung (DSGVO)<\/em><\/p>\n<p>Wenn Sie im Europ\u00e4ischen Wirtschaftsraum (EWR) ans\u00e4ssig sind, genie\u00dfen Sie bestimmte Datenschutzrechte. R.BOURGEOIS bem\u00fcht sich, angemessene Schritte zu ergreifen, um Ihnen die Berichtigung, \u00c4nderung, L\u00f6schung oder Einschr\u00e4nkung der Verarbeitung Ihrer personenbezogenen Daten zu erm\u00f6glichen. <\/p>\n<p>Wenn Sie dar\u00fcber informiert werden m\u00f6chten, welche personenbezogenen Daten wir \u00fcber Sie aufbewahren, oder wenn Sie Ihre Daten von unseren Systemen l\u00f6schen lassen m\u00f6chten, kontaktieren Sie uns bitte.<\/p>\n<p>Unter bestimmten Umst\u00e4nden haben Sie die folgenden Datenschutzrechte:<\/p>\n<ul>\n<li>Das Recht auf Auskunft \u00fcber, Aktualisierung oder L\u00f6schung der Informationen, die wir \u00fcber Sie aufbewahren. Soweit m\u00f6glich k\u00f6nnen Sie Ihre personenbezogenen Daten direkt in den Einstellungen f\u00fcr Ihr Nutzerkonto aufrufen, aktualisieren oder deren L\u00f6schung beantragen. Falls Sie diese Ma\u00dfnahmen nicht selbst durchf\u00fchren k\u00f6nnen, kontaktieren Sie uns bitte, damit wir Sie unterst\u00fctzen.  <\/li>\n<li>Das Recht auf Berichtigung. Sie haben das Recht, Ihre Informationen berichtigen zu lassen, falls diese unrichtig oder unvollst\u00e4ndig sind. <\/li>\n<li>Das Widerspruchsrecht. Sie haben das Recht, unserer Verarbeitung Ihrer personenbezogenen Daten zu widersprechen. <\/li>\n<li>Das Recht auf Einschr\u00e4nkung der Verarbeitung. Sie haben das Recht, von uns zu verlangen, dass wir die Verarbeitung Ihrer personenbezogenen Daten einschr\u00e4nken.<\/li>\n<li>Das Recht auf Daten\u00fcbertragbarkeit. Sie haben das Recht, eine Kopie der Daten, die wir \u00fcber Sie aufbewahren, in einem strukturierten, g\u00e4ngigen und maschinenlesbaren Format zu erhalten. <\/li>\n<li>Das Recht auf Widerruf der Einwilligung. Sie haben auch das Recht, Ihre Einwilligung jederzeit zu widerrufen, wenn R.BOURGEOIS Ihre personenbezogenen Daten auf der Grundlage Ihrer Einwilligung verarbeitet. <\/li>\n<\/ul>\n<p>Beachten Sie bitte, dass wir Sie vor der Beantwortung der entsprechenden Ersuchen gegebenenfalls darum bitten, Ihre Identit\u00e4t zu best\u00e4tigen.<\/p>\n<p>Sie haben das Recht auf Beschwerde \u00fcber unsere Erhebung und Verwendung Ihrer personenbezogenen Daten bei einer f\u00fcr den Datenschutz zust\u00e4ndigen Aufsichtsbeh\u00f6rde. Weitere Informationen erhalten Sie von Ihrer \u00f6rtlichen Datenschutzbeh\u00f6rde im Europ\u00e4ischen Wirtschaftsraum (EWR). <\/p>\n<h2>Dienstleister<\/h2>\n<p>Eventuell besch\u00e4ftigen wir Drittunternehmen und Einzelpersonen, um unseren Service zu vereinfachen (\u201eDienstleister\u201c), den Service in unserem Namen zu erbringen, mit dem Service verbundene Dienstleistungen zu erbringen oder uns bei der Analyse der Nutzung des Services zu unterst\u00fctzen.<\/p>\n<p>Diese Dritten haben ausschlie\u00dflich Zugang zu Ihren personenbezogenen Daten, um diese Aufgaben in unserem Auftrag auszuf\u00fchren, und ihnen ist nicht gestattet, diese offenzulegen oder f\u00fcr einen anderen Zweck zu nutzen.<\/p>\n<h3>Analysen<\/h3>\n<p>Wir beauftragen eventuell Drittdienstleister mit der \u00dcberwachung<br \/>und Analyse der Nutzung unseres Services.<\/p>\n<ul>\n<li><strong>Google Analytics<\/strong>: Google Analytics ist ein von Google angebotener Webanalyseservice, der den Verkehr auf Websites verfolgt und meldet. Google verwendet die erhobenen Daten, um die Nutzung unseres Services zu verfolgen und zu \u00fcberwachen. Diese Daten werden an andere Google-Services weitergegeben. Google nutzt diese erhobenen Daten eventuell, um die Anzeigen in seinem eigenen Werbenetzwerk zu kontextualisieren und zu personalisieren. Sie k\u00f6nnen die Zustimmung zum Zugriff auf Ihre Aktivit\u00e4ten auf dem Service f\u00fcr Google Analytics verweigern, indem Sie das Browser-Add-on zur Deaktivierung von Google Analytics installieren. Dieses Plug-in hindert das Google Analytics JavaScript (ga.js, analytics.js und dc.js) daran, Informationen zu Besuchsaktivit\u00e4ten an Google Analytics weiterzugeben. Weitere Informationen zu den Datenschutzpraktiken von Google finden Sie auf <a rel=\"noopener\" aria-label=\"\" href=\"\" target=\"\">der Google-Webseite f\u00fcr die Datenschutzerkl\u00e4rung und Nutzungsbedingungen.<\/a>      <\/li>\n<\/ul>\n<h2>Links auf andere Websites<\/h2>\n<p>Unser Service enth\u00e4lt eventuell Links auf andere Websites, die nicht von uns betrieben werden. Wenn Sie auf den Link eines Dritten klicken, werden Sie auf die Website dieses Dritten weitergeleitet. Wir empfehlen Ihnen, die Datenschutzrichtlinie f\u00fcr jede Website zu pr\u00fcfen, die Sie besuchen.  <\/p>\n<p>Wir haben keine Kontrolle \u00fcber die Inhalte, Datenschutzrichtlinien und -praktiken von Drittwebsites oder -services und \u00fcbernehmen keine Haftung f\u00fcr diese.<\/p>\n<h2>Datenschutz f\u00fcr Kinder<\/h2>\n<p>Unser Service ist nicht f\u00fcr Personen bestimmt, die unter 18 Jahre alt sind (\u201eKinder\u201c).<\/p>\n<p>Wir erheben wissentlich keine pers\u00f6nlich identifizierbaren Daten von Personen unter 18 Jahren. Wenn Sie ein Elternteil oder Erziehungsberechtigte(r) sind und wissen, dass Ihr Kind uns personenbezogene Daten zur Verf\u00fcgung gestellt hat, kontaktieren Sie uns bitte. Wenn wir bemerken, dass wir personenbezogene Daten von Kindern ohne eine Best\u00e4tigung der Zustimmung der Eltern erhoben haben, ergreifen wir Ma\u00dfnahmen, um diese Informationen von unseren Servern zu entfernen.  <\/p>\n<h2>\u00c4nderungen dieser Datenschutzrichtlinie<\/h2>\n<p>Wir k\u00f6nnen unsere Datenschutzrichtlinie von Zeit zu Zeit aktualisieren. Wir benachrichtigen Sie \u00fcber etwaige \u00c4nderungen, indem wir die neue Datenschutzrichtlinie auf dieser Seite ver\u00f6ffentlichen.<\/p>\n<p>Wir informieren Sie per E-Mail und\/oder mit einem auffallend hervorgehobenen Hinweis auf unserem Service, bevor die \u00c4nderung in Kraft tritt, und aktualisieren das \u201eDatum des Inkrafttretens\u201c oben auf unserer Datenschutzrichtlinie.<\/p>\n<p>Wir empfehlen Ihnen, diese Datenschutzrichtlinie regelm\u00e4\u00dfig auf \u00c4nderungen zu \u00fcberpr\u00fcfen. \u00c4nderungen dieser Datenschutzrichtlinie treten in Kraft, wenn Sie auf dieser Seite ver\u00f6ffentlicht werden. <\/p>\n<h2>Kontakt<\/h2>\n<p>Bitte kontaktieren Sie uns, falls Sie Fragen zu dieser Datenschutzrichtlinie haben:<\/p>\n<ul>\n<li>Per E-Mail: <span>rbourgeoisfrance@rbourgeois.com <\/span><\/li>\n<\/ul>\n<p>[\/et_pb_text][\/et_pb_column][\/et_pb_row][\/et_pb_section]<\/p>\n","protected":false},"excerpt":{"rendered":"<p>Datum des Inkrafttretens: 30.04.2024 R.BOURGEOIS (\u201euns\u201c, \u201ewir\u201c oder \u201eunser\u201c) betreibt die Website https:\/\/rbourgeois.fr (im Nachfolgenden als der \u201eService\u201c bezeichnet). Auf dieser Seite informieren wir Sie \u00fcber unsere Richtlinien in Bezug auf die Erhebung, Verwendung und Offenlegung personenbezogener Daten bei Ihrer Nutzung unseres Services und \u00fcber Ihre Optionen in Bezug auf diese Daten. Wir verwenden Ihre [&hellip;]<\/p>\n","protected":false},"author":1,"featured_media":0,"parent":0,"menu_order":0,"comment_status":"closed","ping_status":"open","template":"","meta":{"_et_pb_use_builder":"on","_et_pb_old_content":"","_et_gb_content_width":"","inline_featured_image":false,"footnotes":""},"class_list":["post-228177","page","type-page","status-publish","hentry"],"yoast_head":"<!-- This site is optimized with the Yoast SEO plugin v23.0 - https:\/\/yoast.com\/wordpress\/plugins\/seo\/ -->\n<title>Datenschutzrichtlinie | R. Bourgeois<\/title>\n<meta name=\"robots\" content=\"noindex, nofollow\" \/>\n<meta property=\"og:locale\" content=\"de_DE\" \/>\n<meta property=\"og:type\" content=\"article\" \/>\n<meta property=\"og:title\" content=\"Datenschutzrichtlinie | R. Bourgeois\" \/>\n<meta property=\"og:description\" content=\"Datum des Inkrafttretens: 30.04.2024 R.BOURGEOIS (\u201euns\u201c, \u201ewir\u201c oder \u201eunser\u201c) betreibt die Website https:\/\/rbourgeois.fr (im Nachfolgenden als der \u201eService\u201c bezeichnet). Auf dieser Seite informieren wir Sie \u00fcber unsere Richtlinien in Bezug auf die Erhebung, Verwendung und Offenlegung personenbezogener Daten bei Ihrer Nutzung unseres Services und \u00fcber Ihre Optionen in Bezug auf diese Daten. Wir verwenden Ihre [&hellip;]\" \/>\n<meta property=\"og:url\" content=\"https:\/\/rbourgeois.fr\/de\/datenschutzrichtlinie\/\" \/>\n<meta property=\"og:site_name\" content=\"R. Bourgeois\" \/>\n<meta property=\"article:modified_time\" content=\"2024-07-16T20:35:13+00:00\" \/>\n<meta name=\"twitter:card\" content=\"summary_large_image\" \/>\n<meta name=\"twitter:label1\" content=\"Gesch\u00e4tzte Lesezeit\" \/>\n\t<meta name=\"twitter:data1\" content=\"11\u00a0Minuten\" \/>\n<script type=\"application\/ld+json\" class=\"yoast-schema-graph\">{\"@context\":\"https:\/\/schema.org\",\"@graph\":[{\"@type\":\"WebPage\",\"@id\":\"https:\/\/rbourgeois.fr\/de\/datenschutzrichtlinie\/\",\"url\":\"https:\/\/rbourgeois.fr\/de\/datenschutzrichtlinie\/\",\"name\":\"Datenschutzrichtlinie | R. Bourgeois\",\"isPartOf\":{\"@id\":\"https:\/\/rbourgeois.fr\/#website\"},\"datePublished\":\"2023-02-24T14:28:56+00:00\",\"dateModified\":\"2024-07-16T20:35:13+00:00\",\"breadcrumb\":{\"@id\":\"https:\/\/rbourgeois.fr\/de\/datenschutzrichtlinie\/#breadcrumb\"},\"inLanguage\":\"de\",\"potentialAction\":[{\"@type\":\"ReadAction\",\"target\":[\"https:\/\/rbourgeois.fr\/de\/datenschutzrichtlinie\/\"]}]},{\"@type\":\"BreadcrumbList\",\"@id\":\"https:\/\/rbourgeois.fr\/de\/datenschutzrichtlinie\/#breadcrumb\",\"itemListElement\":[{\"@type\":\"ListItem\",\"position\":1,\"name\":\"Accueil\",\"item\":\"https:\/\/rbourgeois.fr\/\"},{\"@type\":\"ListItem\",\"position\":2,\"name\":\"Datenschutzrichtlinie\"}]},{\"@type\":\"WebSite\",\"@id\":\"https:\/\/rbourgeois.fr\/#website\",\"url\":\"https:\/\/rbourgeois.fr\/\",\"name\":\"R. Bourgeois\",\"description\":\"Pr\u00e9cision et perfection\",\"publisher\":{\"@id\":\"https:\/\/rbourgeois.fr\/#organization\"},\"alternateName\":\"RBourgeois\",\"potentialAction\":[{\"@type\":\"SearchAction\",\"target\":{\"@type\":\"EntryPoint\",\"urlTemplate\":\"https:\/\/rbourgeois.fr\/?s={search_term_string}\"},\"query-input\":\"required name=search_term_string\"}],\"inLanguage\":\"de\"},{\"@type\":\"Organization\",\"@id\":\"https:\/\/rbourgeois.fr\/#organization\",\"name\":\"R. Bourgeois\",\"url\":\"https:\/\/rbourgeois.fr\/\",\"logo\":{\"@type\":\"ImageObject\",\"inLanguage\":\"de\",\"@id\":\"https:\/\/rbourgeois.fr\/#\/schema\/logo\/image\/\",\"url\":\"https:\/\/rbourgeois.fr\/wp-content\/uploads\/2023\/04\/logo-R.Bourgeois-01.png\",\"contentUrl\":\"https:\/\/rbourgeois.fr\/wp-content\/uploads\/2023\/04\/logo-R.Bourgeois-01.png\",\"width\":500,\"height\":104,\"caption\":\"R. Bourgeois\"},\"image\":{\"@id\":\"https:\/\/rbourgeois.fr\/#\/schema\/logo\/image\/\"},\"sameAs\":[\"https:\/\/www.instagram.com\/rbourgeois_\/\",\"https:\/\/www.linkedin.com\/company\/r-bourgeois\/\",\"https:\/\/www.youtube.com\/channel\/UCNgZ2BX12oI6IfeChaRlnRA\"]}]}<\/script>\n<!-- \/ Yoast SEO plugin. -->","yoast_head_json":{"title":"Datenschutzrichtlinie | R. Bourgeois","robots":{"index":"noindex","follow":"nofollow"},"og_locale":"de_DE","og_type":"article","og_title":"Datenschutzrichtlinie | R. Bourgeois","og_description":"Datum des Inkrafttretens: 30.04.2024 R.BOURGEOIS (\u201euns\u201c, \u201ewir\u201c oder \u201eunser\u201c) betreibt die Website https:\/\/rbourgeois.fr (im Nachfolgenden als der \u201eService\u201c bezeichnet). Auf dieser Seite informieren wir Sie \u00fcber unsere Richtlinien in Bezug auf die Erhebung, Verwendung und Offenlegung personenbezogener Daten bei Ihrer Nutzung unseres Services und \u00fcber Ihre Optionen in Bezug auf diese Daten. Wir verwenden Ihre [&hellip;]","og_url":"https:\/\/rbourgeois.fr\/de\/datenschutzrichtlinie\/","og_site_name":"R. Bourgeois","article_modified_time":"2024-07-16T20:35:13+00:00","twitter_card":"summary_large_image","twitter_misc":{"Gesch\u00e4tzte Lesezeit":"11\u00a0Minuten"},"schema":{"@context":"https:\/\/schema.org","@graph":[{"@type":"WebPage","@id":"https:\/\/rbourgeois.fr\/de\/datenschutzrichtlinie\/","url":"https:\/\/rbourgeois.fr\/de\/datenschutzrichtlinie\/","name":"Datenschutzrichtlinie | R. Bourgeois","isPartOf":{"@id":"https:\/\/rbourgeois.fr\/#website"},"datePublished":"2023-02-24T14:28:56+00:00","dateModified":"2024-07-16T20:35:13+00:00","breadcrumb":{"@id":"https:\/\/rbourgeois.fr\/de\/datenschutzrichtlinie\/#breadcrumb"},"inLanguage":"de","potentialAction":[{"@type":"ReadAction","target":["https:\/\/rbourgeois.fr\/de\/datenschutzrichtlinie\/"]}]},{"@type":"BreadcrumbList","@id":"https:\/\/rbourgeois.fr\/de\/datenschutzrichtlinie\/#breadcrumb","itemListElement":[{"@type":"ListItem","position":1,"name":"Accueil","item":"https:\/\/rbourgeois.fr\/"},{"@type":"ListItem","position":2,"name":"Datenschutzrichtlinie"}]},{"@type":"WebSite","@id":"https:\/\/rbourgeois.fr\/#website","url":"https:\/\/rbourgeois.fr\/","name":"R. Bourgeois","description":"Pr\u00e9cision et perfection","publisher":{"@id":"https:\/\/rbourgeois.fr\/#organization"},"alternateName":"RBourgeois","potentialAction":[{"@type":"SearchAction","target":{"@type":"EntryPoint","urlTemplate":"https:\/\/rbourgeois.fr\/?s={search_term_string}"},"query-input":"required name=search_term_string"}],"inLanguage":"de"},{"@type":"Organization","@id":"https:\/\/rbourgeois.fr\/#organization","name":"R. Bourgeois","url":"https:\/\/rbourgeois.fr\/","logo":{"@type":"ImageObject","inLanguage":"de","@id":"https:\/\/rbourgeois.fr\/#\/schema\/logo\/image\/","url":"https:\/\/rbourgeois.fr\/wp-content\/uploads\/2023\/04\/logo-R.Bourgeois-01.png","contentUrl":"https:\/\/rbourgeois.fr\/wp-content\/uploads\/2023\/04\/logo-R.Bourgeois-01.png","width":500,"height":104,"caption":"R. Bourgeois"},"image":{"@id":"https:\/\/rbourgeois.fr\/#\/schema\/logo\/image\/"},"sameAs":["https:\/\/www.instagram.com\/rbourgeois_\/","https:\/\/www.linkedin.com\/company\/r-bourgeois\/","https:\/\/www.youtube.com\/channel\/UCNgZ2BX12oI6IfeChaRlnRA"]}]}},"_links":{"self":[{"href":"https:\/\/rbourgeois.fr\/de\/wp-json\/wp\/v2\/pages\/228177","targetHints":{"allow":["GET"]}}],"collection":[{"href":"https:\/\/rbourgeois.fr\/de\/wp-json\/wp\/v2\/pages"}],"about":[{"href":"https:\/\/rbourgeois.fr\/de\/wp-json\/wp\/v2\/types\/page"}],"author":[{"embeddable":true,"href":"https:\/\/rbourgeois.fr\/de\/wp-json\/wp\/v2\/users\/1"}],"replies":[{"embeddable":true,"href":"https:\/\/rbourgeois.fr\/de\/wp-json\/wp\/v2\/comments?post=228177"}],"version-history":[{"count":0,"href":"https:\/\/rbourgeois.fr\/de\/wp-json\/wp\/v2\/pages\/228177\/revisions"}],"wp:attachment":[{"href":"https:\/\/rbourgeois.fr\/de\/wp-json\/wp\/v2\/media?parent=228177"}],"curies":[{"name":"wp","href":"https:\/\/api.w.org\/{rel}","templated":true}]}}