{"id":228154,"date":"2023-05-02T13:29:32","date_gmt":"2023-05-02T11:29:32","guid":{"rendered":"https:\/\/rbourgeois.net\/unsere-news\/"},"modified":"2024-07-16T21:31:49","modified_gmt":"2024-07-16T19:31:49","slug":"unsere-news","status":"publish","type":"page","link":"https:\/\/rbourgeois.fr\/de\/unsere-news\/","title":{"rendered":"Unsere News"},"content":{"rendered":"<p>[et_pb_section fb_built=&#8220;1&#8243; _builder_version=&#8220;4.20.4&#8243; _module_preset=&#8220;e7e95a46-ce95-4908-be63-3ec03e85bade&#8220; global_colors_info=&#8220;{}&#8220;][et_pb_row _builder_version=&#8220;4.21.0&#8243; _module_preset=&#8220;aed77692-5752-4144-9a63-6222073dcea6&#8243; global_colors_info=&#8220;{}&#8220;][et_pb_column type=&#8220;4_4&#8243; _builder_version=&#8220;4.20.2&#8243; _module_preset=&#8220;default&#8220; global_colors_info=&#8220;{}&#8220;][et_pb_text _builder_version=&#8220;4.21.0&#8243; _module_preset=&#8220;8c4ca77b-26c0-4cc1-a5d1-7ad189352104&#8243; custom_margin=&#8220;||0px||false|false&#8220; global_colors_info=&#8220;{}&#8220;]<\/p>\n<h1>Unsere News<\/h1>\n<p>[\/et_pb_text][et_pb_text _builder_version=&#8220;4.21.0&#8243; _module_preset=&#8220;bfb4334f-f9e5-4e8e-86cc-b886a88d8e44&#8243; global_colors_info=&#8220;{}&#8220;]Hier finden Sie die aktuellsten News der R.Bourgeois-Unternehmensgruppe[\/et_pb_text][\/et_pb_column][\/et_pb_row][\/et_pb_section][et_pb_section fb_built=&#8220;1&#8243; _builder_version=&#8220;4.25.2&#8243; _module_preset=&#8220;4aef11da-c8f0-433b-bc4e-15d5ac2415d0&#8243; background_image=&#8220;https:\/\/rbourgeois.fr\/wp-content\/uploads\/2024\/06\/Vue-aerienne-R-Bourgeois.jpg&#8220; hover_enabled=&#8220;0&#8243; global_colors_info=&#8220;{}&#8220; alt=&#8220;Vue-a\u00e9rienne-R-Bourgeois&#8220; title_text=&#8220;Vue-a\u00e9rienne-R-Bourgeois&#8220; sticky_enabled=&#8220;0&#8243; background_position=&#8220;bottom_center&#8220;][\/et_pb_section][et_pb_section fb_built=&#8220;1&#8243; _builder_version=&#8220;4.21.0&#8243; _module_preset=&#8220;default&#8220; global_colors_info=&#8220;{}&#8220;][et_pb_row use_custom_gutter=&#8220;on&#8220; gutter_width=&#8220;1&#8243; make_equal=&#8220;on&#8220; module_class=&#8220;row-actus&#8220; _builder_version=&#8220;4.21.0&#8243; _module_preset=&#8220;default&#8220; global_colors_info=&#8220;{}&#8220;][et_pb_column type=&#8220;4_4&#8243; _builder_version=&#8220;4.21.0&#8243; _module_preset=&#8220;default&#8220; global_colors_info=&#8220;{}&#8220;][et_pb_text _builder_version=&#8220;4.21.0&#8243; _module_preset=&#8220;default&#8220; custom_margin=&#8220;||2.75%||false|false&#8220; custom_margin_last_edited=&#8220;off|phone&#8220; global_colors_info=&#8220;{}&#8220;]<\/p>\n<h2>Das Neueste aus dem Unternehmen<\/h2>\n<p>[\/et_pb_text][et_pb_blog fullwidth=&#8220;off&#8220; meta_date=&#8220;j F Y&#8220; excerpt_length=&#8220;120&#8243; show_author=&#8220;off&#8220; show_categories=&#8220;off&#8220; show_pagination=&#8220;off&#8220; module_class=&#8220;pa-blog-load-more vignettes&#8220; _builder_version=&#8220;4.21.0&#8243; _module_preset=&#8220;default&#8220; header_font_size=&#8220;26px&#8220; max_width_phone=&#8220;400px&#8220; max_width_last_edited=&#8220;off|tablet&#8220; custom_margin=&#8220;||0px||false|false&#8220; custom_margin_last_edited=&#8220;off|tablet&#8220; header_font_size_tablet=&#8220;3.3vw&#8220; header_font_size_phone=&#8220;6vw&#8220; header_font_size_last_edited=&#8220;on|phone&#8220; custom_css_content=&#8220;min-height: 70px;&#8220; global_colors_info=&#8220;{}&#8220;][\/et_pb_blog][et_pb_button button_text=&#8220;Zeig mehr&#8220; button_alignment=&#8220;center&#8220; module_id=&#8220;pa_load_more&#8220; _builder_version=&#8220;4.21.0&#8243; _module_preset=&#8220;default&#8220; custom_margin=&#8220;30px||||false|false&#8220; global_colors_info=&#8220;{}&#8220;][\/et_pb_button][et_pb_code _builder_version=&#8220;4.21.0&#8243; _module_preset=&#8220;default&#8220; global_colors_info=&#8220;{}&#8220;]<script><!-- [et_pb_line_break_holder] -->jQuery(document).ready(function(){<!-- [et_pb_line_break_holder] -->    \/\/For mobile Screens<!-- [et_pb_line_break_holder] -->    if (window.matchMedia('(max-width: 767px)').matches) {<!-- [et_pb_line_break_holder] -->        var initial_show_article = 3;<!-- [et_pb_line_break_holder] -->    var article_reveal = 2;<!-- [et_pb_line_break_holder] -->    jQuery(\".pa-blog-load-more article\").not( \":nth-child(-n+\"+initial_show_article+\")\" ).css(\"display\",\"none\");<!-- [et_pb_line_break_holder] -->    jQuery(\"#pa_load_more\").on(\"click\", function(event){<!-- [et_pb_line_break_holder] -->        event.preventDefault();<!-- [et_pb_line_break_holder] -->        initial_show_article = initial_show_article + article_reveal;<!-- [et_pb_line_break_holder] -->        jQuery(\".pa-blog-load-more article\").css(\"display\",\"block\");<!-- [et_pb_line_break_holder] -->        jQuery(\".pa-blog-load-more article\").not( \":nth-child(-n+\"+initial_show_article+\")\" ).css(\"display\",\"none\");<!-- [et_pb_line_break_holder] -->        var articles_num = jQuery(\".pa-blog-load-more article\").not('[style*=\"display: block\"]').length<!-- [et_pb_line_break_holder] -->            if(articles_num == 0){<!-- [et_pb_line_break_holder] -->            jQuery(this).css(\"display\",\"none\");    <!-- [et_pb_line_break_holder] -->            }   <!-- [et_pb_line_break_holder] -->    })<!-- [et_pb_line_break_holder] -->    } else {<!-- [et_pb_line_break_holder] -->        \/\/For desktop Screens<!-- [et_pb_line_break_holder] -->        var initial_row_show = 1;<!-- [et_pb_line_break_holder] -->        var row_reveal = 2;<!-- [et_pb_line_break_holder] -->        var total_articles = jQuery(\".pa-blog-load-more article\").length;<!-- [et_pb_line_break_holder] -->        jQuery(\".pa-blog-load-more article\").not( \":nth-child(-n+\"+initial_row_show+\")\" ).css(\"display\",\"none\");<!-- [et_pb_line_break_holder] -->        <!-- [et_pb_line_break_holder] -->        jQuery(\"#pa_load_more\").on(\"click\", function(event){<!-- [et_pb_line_break_holder] -->            event.preventDefault();<!-- [et_pb_line_break_holder] -->            initial_row_show = initial_row_show + row_reveal;<!-- [et_pb_line_break_holder] -->            jQuery(\".pa-blog-load-more article\").css(\"display\",\"block\");<!-- [et_pb_line_break_holder] -->            jQuery(\".pa-blog-load-more article\").not( \":nth-child(-n+\"+initial_row_show+\")\" ).css(\"display\",\"none\");<!-- [et_pb_line_break_holder] -->            var articles_num = jQuery(\".pa-blog-load-more article\").not('[style*=\"display: block\"]').length<!-- [et_pb_line_break_holder] -->            if(articles_num == 0){<!-- [et_pb_line_break_holder] -->            jQuery(this).css(\"display\",\"none\");    <!-- [et_pb_line_break_holder] -->            }    <!-- [et_pb_line_break_holder] -->        })<!-- [et_pb_line_break_holder] -->    } <!-- [et_pb_line_break_holder] -->})<!-- [et_pb_line_break_holder] --><\/script>[\/et_pb_code][\/et_pb_column][\/et_pb_row][\/et_pb_section][et_pb_section fb_built=&#8220;1&#8243; _builder_version=&#8220;4.21.0&#8243; _module_preset=&#8220;default&#8220; background_color=&#8220;#F0F0F0&#8243; global_colors_info=&#8220;{}&#8220;][et_pb_row _builder_version=&#8220;4.21.0&#8243; _module_preset=&#8220;default&#8220; global_colors_info=&#8220;{}&#8220;][et_pb_column type=&#8220;4_4&#8243; _builder_version=&#8220;4.21.0&#8243; _module_preset=&#8220;default&#8220; global_colors_info=&#8220;{}&#8220;][et_pb_text _builder_version=&#8220;4.21.0&#8243; _module_preset=&#8220;default&#8220; global_colors_info=&#8220;{}&#8220;]<\/p>\n<h2>Folgen Sie uns auf Social Media<\/h2>\n<p>[\/et_pb_text][et_pb_code _builder_version=&#8220;4.24.3&#8243; _module_preset=&#8220;default&#8220; global_colors_info=&#8220;{}&#8220;]<script src=\"https:\/\/static.elfsight.com\/platform\/platform.js\" data-use-service-core=\"\" defer><\/script><!-- [et_pb_line_break_holder] --><\/p>\n<div class=\"elfsight-app-32e52d35-4816-4d7e-b851-ac071e1c1ed2\" data-elfsight-app-lazy=\"\"><\/div>\n<p>[\/et_pb_code][\/et_pb_column][\/et_pb_row][\/et_pb_section]<\/p>\n","protected":false},"excerpt":{"rendered":"<p>Unsere NewsHier finden Sie die aktuellsten News der R.Bourgeois-UnternehmensgruppeDas Neueste aus dem UnternehmenFolgen Sie uns auf Social Media<\/p>\n","protected":false},"author":1,"featured_media":0,"parent":0,"menu_order":0,"comment_status":"closed","ping_status":"closed","template":"","meta":{"_et_pb_use_builder":"on","_et_pb_old_content":"","_et_gb_content_width":"","inline_featured_image":false,"footnotes":""},"class_list":["post-228154","page","type-page","status-publish","hentry"],"yoast_head":"<!-- This site is optimized with the Yoast SEO plugin v23.0 - https:\/\/yoast.com\/wordpress\/plugins\/seo\/ -->\n<title>News | R. Bourgeois<\/title>\n<meta name=\"description\" content=\"Bleiben Sie auf dem Laufenden mit den neuesten Nachrichten und Innovationen von R.Bourgeois zum Angebot von Magnetkreisbaugruppen f\u00fcr Rotoren und Statoren. Finden Sie mehr \u00fcber unsere j\u00fcngsten Projekte und technischen Entwicklungen heraus\" \/>\n<meta name=\"robots\" content=\"index, follow, max-snippet:-1, max-image-preview:large, max-video-preview:-1\" \/>\n<link rel=\"canonical\" href=\"https:\/\/rbourgeois.fr\/de\/unsere-news\/\" \/>\n<meta property=\"og:locale\" content=\"de_DE\" \/>\n<meta property=\"og:type\" content=\"article\" \/>\n<meta property=\"og:title\" content=\"News | R. Bourgeois\" \/>\n<meta property=\"og:description\" content=\"Bleiben Sie auf dem Laufenden mit den neuesten Nachrichten und Innovationen von R.Bourgeois zum Angebot von Magnetkreisbaugruppen f\u00fcr Rotoren und Statoren. Finden Sie mehr \u00fcber unsere j\u00fcngsten Projekte und technischen Entwicklungen heraus\" \/>\n<meta property=\"og:url\" content=\"https:\/\/rbourgeois.fr\/de\/unsere-news\/\" \/>\n<meta property=\"og:site_name\" content=\"R. Bourgeois\" \/>\n<meta property=\"article:modified_time\" content=\"2024-07-16T19:31:49+00:00\" \/>\n<meta name=\"twitter:card\" content=\"summary_large_image\" \/>\n<meta name=\"twitter:label1\" content=\"Gesch\u00e4tzte Lesezeit\" \/>\n\t<meta name=\"twitter:data1\" content=\"2\u00a0Minuten\" \/>\n<script type=\"application\/ld+json\" class=\"yoast-schema-graph\">{\"@context\":\"https:\/\/schema.org\",\"@graph\":[{\"@type\":\"WebPage\",\"@id\":\"https:\/\/rbourgeois.fr\/de\/unsere-news\/\",\"url\":\"https:\/\/rbourgeois.fr\/de\/unsere-news\/\",\"name\":\"News | R. Bourgeois\",\"isPartOf\":{\"@id\":\"https:\/\/rbourgeois.fr\/#website\"},\"datePublished\":\"2023-05-02T11:29:32+00:00\",\"dateModified\":\"2024-07-16T19:31:49+00:00\",\"description\":\"Bleiben Sie auf dem Laufenden mit den neuesten Nachrichten und Innovationen von R.Bourgeois zum Angebot von Magnetkreisbaugruppen f\u00fcr Rotoren und Statoren. Finden Sie mehr \u00fcber unsere j\u00fcngsten Projekte und technischen Entwicklungen heraus\",\"breadcrumb\":{\"@id\":\"https:\/\/rbourgeois.fr\/de\/unsere-news\/#breadcrumb\"},\"inLanguage\":\"de\",\"potentialAction\":[{\"@type\":\"ReadAction\",\"target\":[\"https:\/\/rbourgeois.fr\/de\/unsere-news\/\"]}]},{\"@type\":\"BreadcrumbList\",\"@id\":\"https:\/\/rbourgeois.fr\/de\/unsere-news\/#breadcrumb\",\"itemListElement\":[{\"@type\":\"ListItem\",\"position\":1,\"name\":\"Accueil\",\"item\":\"https:\/\/rbourgeois.fr\/\"},{\"@type\":\"ListItem\",\"position\":2,\"name\":\"Unsere News\"}]},{\"@type\":\"WebSite\",\"@id\":\"https:\/\/rbourgeois.fr\/#website\",\"url\":\"https:\/\/rbourgeois.fr\/\",\"name\":\"R. Bourgeois\",\"description\":\"Pr\u00e9cision et perfection\",\"publisher\":{\"@id\":\"https:\/\/rbourgeois.fr\/#organization\"},\"alternateName\":\"RBourgeois\",\"potentialAction\":[{\"@type\":\"SearchAction\",\"target\":{\"@type\":\"EntryPoint\",\"urlTemplate\":\"https:\/\/rbourgeois.fr\/?s={search_term_string}\"},\"query-input\":\"required name=search_term_string\"}],\"inLanguage\":\"de\"},{\"@type\":\"Organization\",\"@id\":\"https:\/\/rbourgeois.fr\/#organization\",\"name\":\"R. Bourgeois\",\"url\":\"https:\/\/rbourgeois.fr\/\",\"logo\":{\"@type\":\"ImageObject\",\"inLanguage\":\"de\",\"@id\":\"https:\/\/rbourgeois.fr\/#\/schema\/logo\/image\/\",\"url\":\"https:\/\/rbourgeois.fr\/wp-content\/uploads\/2023\/04\/logo-R.Bourgeois-01.png\",\"contentUrl\":\"https:\/\/rbourgeois.fr\/wp-content\/uploads\/2023\/04\/logo-R.Bourgeois-01.png\",\"width\":500,\"height\":104,\"caption\":\"R. Bourgeois\"},\"image\":{\"@id\":\"https:\/\/rbourgeois.fr\/#\/schema\/logo\/image\/\"},\"sameAs\":[\"https:\/\/www.instagram.com\/rbourgeois_\/\",\"https:\/\/www.linkedin.com\/company\/r-bourgeois\/\",\"https:\/\/www.youtube.com\/channel\/UCNgZ2BX12oI6IfeChaRlnRA\"]}]}<\/script>\n<!-- \/ Yoast SEO plugin. -->","yoast_head_json":{"title":"News | R. Bourgeois","description":"Bleiben Sie auf dem Laufenden mit den neuesten Nachrichten und Innovationen von R.Bourgeois zum Angebot von Magnetkreisbaugruppen f\u00fcr Rotoren und Statoren. Finden Sie mehr \u00fcber unsere j\u00fcngsten Projekte und technischen Entwicklungen heraus","robots":{"index":"index","follow":"follow","max-snippet":"max-snippet:-1","max-image-preview":"max-image-preview:large","max-video-preview":"max-video-preview:-1"},"canonical":"https:\/\/rbourgeois.fr\/de\/unsere-news\/","og_locale":"de_DE","og_type":"article","og_title":"News | R. Bourgeois","og_description":"Bleiben Sie auf dem Laufenden mit den neuesten Nachrichten und Innovationen von R.Bourgeois zum Angebot von Magnetkreisbaugruppen f\u00fcr Rotoren und Statoren. Finden Sie mehr \u00fcber unsere j\u00fcngsten Projekte und technischen Entwicklungen heraus","og_url":"https:\/\/rbourgeois.fr\/de\/unsere-news\/","og_site_name":"R. Bourgeois","article_modified_time":"2024-07-16T19:31:49+00:00","twitter_card":"summary_large_image","twitter_misc":{"Gesch\u00e4tzte Lesezeit":"2\u00a0Minuten"},"schema":{"@context":"https:\/\/schema.org","@graph":[{"@type":"WebPage","@id":"https:\/\/rbourgeois.fr\/de\/unsere-news\/","url":"https:\/\/rbourgeois.fr\/de\/unsere-news\/","name":"News | R. Bourgeois","isPartOf":{"@id":"https:\/\/rbourgeois.fr\/#website"},"datePublished":"2023-05-02T11:29:32+00:00","dateModified":"2024-07-16T19:31:49+00:00","description":"Bleiben Sie auf dem Laufenden mit den neuesten Nachrichten und Innovationen von R.Bourgeois zum Angebot von Magnetkreisbaugruppen f\u00fcr Rotoren und Statoren. Finden Sie mehr \u00fcber unsere j\u00fcngsten Projekte und technischen Entwicklungen heraus","breadcrumb":{"@id":"https:\/\/rbourgeois.fr\/de\/unsere-news\/#breadcrumb"},"inLanguage":"de","potentialAction":[{"@type":"ReadAction","target":["https:\/\/rbourgeois.fr\/de\/unsere-news\/"]}]},{"@type":"BreadcrumbList","@id":"https:\/\/rbourgeois.fr\/de\/unsere-news\/#breadcrumb","itemListElement":[{"@type":"ListItem","position":1,"name":"Accueil","item":"https:\/\/rbourgeois.fr\/"},{"@type":"ListItem","position":2,"name":"Unsere News"}]},{"@type":"WebSite","@id":"https:\/\/rbourgeois.fr\/#website","url":"https:\/\/rbourgeois.fr\/","name":"R. Bourgeois","description":"Pr\u00e9cision et perfection","publisher":{"@id":"https:\/\/rbourgeois.fr\/#organization"},"alternateName":"RBourgeois","potentialAction":[{"@type":"SearchAction","target":{"@type":"EntryPoint","urlTemplate":"https:\/\/rbourgeois.fr\/?s={search_term_string}"},"query-input":"required name=search_term_string"}],"inLanguage":"de"},{"@type":"Organization","@id":"https:\/\/rbourgeois.fr\/#organization","name":"R. Bourgeois","url":"https:\/\/rbourgeois.fr\/","logo":{"@type":"ImageObject","inLanguage":"de","@id":"https:\/\/rbourgeois.fr\/#\/schema\/logo\/image\/","url":"https:\/\/rbourgeois.fr\/wp-content\/uploads\/2023\/04\/logo-R.Bourgeois-01.png","contentUrl":"https:\/\/rbourgeois.fr\/wp-content\/uploads\/2023\/04\/logo-R.Bourgeois-01.png","width":500,"height":104,"caption":"R. Bourgeois"},"image":{"@id":"https:\/\/rbourgeois.fr\/#\/schema\/logo\/image\/"},"sameAs":["https:\/\/www.instagram.com\/rbourgeois_\/","https:\/\/www.linkedin.com\/company\/r-bourgeois\/","https:\/\/www.youtube.com\/channel\/UCNgZ2BX12oI6IfeChaRlnRA"]}]}},"_links":{"self":[{"href":"https:\/\/rbourgeois.fr\/de\/wp-json\/wp\/v2\/pages\/228154","targetHints":{"allow":["GET"]}}],"collection":[{"href":"https:\/\/rbourgeois.fr\/de\/wp-json\/wp\/v2\/pages"}],"about":[{"href":"https:\/\/rbourgeois.fr\/de\/wp-json\/wp\/v2\/types\/page"}],"author":[{"embeddable":true,"href":"https:\/\/rbourgeois.fr\/de\/wp-json\/wp\/v2\/users\/1"}],"replies":[{"embeddable":true,"href":"https:\/\/rbourgeois.fr\/de\/wp-json\/wp\/v2\/comments?post=228154"}],"version-history":[{"count":0,"href":"https:\/\/rbourgeois.fr\/de\/wp-json\/wp\/v2\/pages\/228154\/revisions"}],"wp:attachment":[{"href":"https:\/\/rbourgeois.fr\/de\/wp-json\/wp\/v2\/media?parent=228154"}],"curies":[{"name":"wp","href":"https:\/\/api.w.org\/{rel}","templated":true}]}}