{"id":228148,"date":"2024-04-18T13:56:55","date_gmt":"2024-04-18T11:56:55","guid":{"rendered":"https:\/\/rbourgeois.net\/rechtshinweise\/"},"modified":"2024-07-16T21:24:48","modified_gmt":"2024-07-16T19:24:48","slug":"rechtshinweise","status":"publish","type":"page","link":"https:\/\/rbourgeois.fr\/de\/rechtshinweise\/","title":{"rendered":"Rechtshinweise"},"content":{"rendered":"<p>[et_pb_section fb_built=&#8220;1&#8243; module_class=&#8220;section-h-reduit&#8220; _builder_version=&#8220;4.24.3&#8243; _module_preset=&#8220;default&#8220; custom_padding=&#8220;0px||||false|false&#8220; global_colors_info=&#8220;{}&#8220;][et_pb_row _builder_version=&#8220;4.24.3&#8243; _module_preset=&#8220;default&#8220; custom_padding=&#8220;0px||||false|false&#8220; global_colors_info=&#8220;{}&#8220;][et_pb_column type=&#8220;4_4&#8243; _builder_version=&#8220;4.24.3&#8243; _module_preset=&#8220;default&#8220; global_colors_info=&#8220;{}&#8220;][et_pb_post_title meta=&#8220;off&#8220; featured_image=&#8220;off&#8220; _builder_version=&#8220;4.24.3&#8243; _module_preset=&#8220;default&#8220; global_colors_info=&#8220;{}&#8220;][\/et_pb_post_title][\/et_pb_column][\/et_pb_row][et_pb_row _builder_version=&#8220;4.24.3&#8243; _module_preset=&#8220;default&#8220; global_colors_info=&#8220;{}&#8220;][et_pb_column type=&#8220;4_4&#8243; _builder_version=&#8220;4.24.3&#8243; _module_preset=&#8220;default&#8220; global_colors_info=&#8220;{}&#8220;][et_pb_text _builder_version=&#8220;4.24.3&#8243; _module_preset=&#8220;default&#8220; hover_enabled=&#8220;0&#8243; global_colors_info=&#8220;{}&#8220; sticky_enabled=&#8220;0&#8243;]Die Website rbourgeois.fr wird von R.BOURGEOIS ver\u00f6ffentlicht, einem Unternehmen mit Kapital von 8.400.000 Euro, eingetragen im Handels- und Firmenregister von Besan\u00e7on unter der Nummer B 62 821 207 (SIRET-Nr. 56282120700031) mit eingetragenem Firmensitz in der 25, Rue de Tr\u00e9pillot BP 1077 25002 BESAN\u00c7ON Cedex FRANCE.<\/p>\n<p><strong>F\u00fcr die Ver\u00f6ffentlichung Verantwortlicher:<\/strong> Herr BOURGEOIS \u2013 <a href=\"mailto:contact@rbourgeois.fr\">contact@rbourgeois.fr<\/a><br \/>\n<strong>Berater f\u00fcr Digitales und E-Commerce-Marketing:<\/strong> S\u00e9bastien DUBOIS \u2013 <a href=\"http:\/\/sebastiendubois.fr\/\">www.sebastiendubois.fr<\/a><br \/>\n<strong>Webmaster:<\/strong> Bertrand LAPALUS \u2013 <a href=\"mailto:bertrand@lb-creations.fr\">bertrand@lb-creations.fr<\/a><\/p>\n<p>Die Website<span> <\/span><a href=\"https:\/\/rbourgeois.fr\/de\/\">https:\/\/rbourgeois.fr<\/a><span> <\/span>(die Website) ist ausschlie\u00dfliches Eigentum der Firma R.BOURGEOIS.<\/p>\n<h2>Webhosting<\/h2>\n<p>Die Website wird gehostet vom Unternehmen<span> <\/span><a href=\"http:\/\/www.ovh.com\/\" target=\"_blank\" rel=\"noopener noreferrer\">OVH<\/a>, 2 rue Kellermann \u2013 59100 Roubaix \u2013 France, mit Kapital von 10.069.020 Euro, SIRET-Nr.: 42476141900045.<\/p>\n<h2>Geistige Eigentumsrechte<\/h2>\n<p>Alle Komponenten der Websitegestaltung, also der allgemeine Aufbau der Texte, animierte oder statische Bilder sowie alle anderen Komponenten dieser Website sind Eigentum von R.BOURGEOIS. Jede Reproduktion der gesamten Website, Teilen davon oder einer ihrer Komponenten, ob f\u00fcr eine Verg\u00fctung oder kostenlos, ist ungeachtet des genutzten Verfahrens verboten.<\/p>\n<h2>Haftung<\/h2>\n<p>R.BOURGEOIS haftet nicht f\u00fcr etwaige Fehler oder Versagen der Website und daraus resultierendem Verlust von Daten oder Zugang zu den darauf verf\u00fcgbaren Informationen. R.BOURGEOIS garantiert weder die Vollst\u00e4ndigkeit und Wahrhaftigkeit der auf der Website gezeigten Informationen noch die Abwesenheit von \u00c4nderungen durch Dritte (Eindringen, Virus). Internetnutzer tragen selbst die alleinige Verantwortung f\u00fcr ihre Nutzung der Website-Inhalte.<\/p>\n<p>Die auf der Website gezeigten Elemente unterliegen \u00c4nderungen ohne vorherige Ank\u00fcndigung und werden Internetnutzern ohne jede Art von Gew\u00e4hrleistung, ausdr\u00fccklich oder stillschweigend, zur Verf\u00fcgung gestellt.<\/p>\n<p>Das Vorhandensein von Hypertext-Links auf der Website begr\u00fcndet keine gemeinsame Haftung von R.BOURGEOIS und den jeweiligen Eigent\u00fcmern der anderen Websites in Bezug auf die Inhalte der Websites, auf die der Internetnutzer weitergeleitet wird. F\u00fcr diese sind ausschlie\u00dflich die jeweiligen Websites haftbar.[\/et_pb_text][\/et_pb_column][\/et_pb_row][\/et_pb_section]<\/p>\n","protected":false},"excerpt":{"rendered":"<p>Die Website rbourgeois.fr wird von R.BOURGEOIS ver\u00f6ffentlicht, einem Unternehmen mit Kapital von 8.400.000 Euro, eingetragen im Handels- und Firmenregister von Besan\u00e7on unter der Nummer B 62 821 207 (SIRET-Nr. 56282120700031) mit eingetragenem Firmensitz in der 25, Rue de Tr\u00e9pillot BP 1077 25002 BESAN\u00c7ON Cedex FRANCE. F\u00fcr die Ver\u00f6ffentlichung Verantwortlicher: Herr BOURGEOIS \u2013 contact@rbourgeois.fr Berater f\u00fcr [&hellip;]<\/p>\n","protected":false},"author":1,"featured_media":0,"parent":0,"menu_order":0,"comment_status":"closed","ping_status":"closed","template":"","meta":{"_et_pb_use_builder":"on","_et_pb_old_content":"","_et_gb_content_width":"","inline_featured_image":false,"footnotes":""},"class_list":["post-228148","page","type-page","status-publish","hentry"],"yoast_head":"<!-- This site is optimized with the Yoast SEO plugin v23.0 - https:\/\/yoast.com\/wordpress\/plugins\/seo\/ -->\n<title>Rechtshinweise | R. Bourgeois<\/title>\n<meta name=\"robots\" content=\"noindex, nofollow\" \/>\n<meta property=\"og:locale\" content=\"de_DE\" \/>\n<meta property=\"og:type\" content=\"article\" \/>\n<meta property=\"og:title\" content=\"Rechtshinweise | R. Bourgeois\" \/>\n<meta property=\"og:description\" content=\"Die Website rbourgeois.fr wird von R.BOURGEOIS ver\u00f6ffentlicht, einem Unternehmen mit Kapital von 8.400.000 Euro, eingetragen im Handels- und Firmenregister von Besan\u00e7on unter der Nummer B 62 821 207 (SIRET-Nr. 56282120700031) mit eingetragenem Firmensitz in der 25, Rue de Tr\u00e9pillot BP 1077 25002 BESAN\u00c7ON Cedex FRANCE. F\u00fcr die Ver\u00f6ffentlichung Verantwortlicher: Herr BOURGEOIS \u2013 contact@rbourgeois.fr Berater f\u00fcr [&hellip;]\" \/>\n<meta property=\"og:url\" content=\"https:\/\/rbourgeois.fr\/de\/rechtshinweise\/\" \/>\n<meta property=\"og:site_name\" content=\"R. Bourgeois\" \/>\n<meta property=\"article:modified_time\" content=\"2024-07-16T19:24:48+00:00\" \/>\n<meta name=\"twitter:card\" content=\"summary_large_image\" \/>\n<meta name=\"twitter:label1\" content=\"Gesch\u00e4tzte Lesezeit\" \/>\n\t<meta name=\"twitter:data1\" content=\"2\u00a0Minuten\" \/>\n<script type=\"application\/ld+json\" class=\"yoast-schema-graph\">{\"@context\":\"https:\/\/schema.org\",\"@graph\":[{\"@type\":\"WebPage\",\"@id\":\"https:\/\/rbourgeois.fr\/de\/rechtshinweise\/\",\"url\":\"https:\/\/rbourgeois.fr\/de\/rechtshinweise\/\",\"name\":\"Rechtshinweise | R. Bourgeois\",\"isPartOf\":{\"@id\":\"https:\/\/rbourgeois.fr\/#website\"},\"datePublished\":\"2024-04-18T11:56:55+00:00\",\"dateModified\":\"2024-07-16T19:24:48+00:00\",\"breadcrumb\":{\"@id\":\"https:\/\/rbourgeois.fr\/de\/rechtshinweise\/#breadcrumb\"},\"inLanguage\":\"de\",\"potentialAction\":[{\"@type\":\"ReadAction\",\"target\":[\"https:\/\/rbourgeois.fr\/de\/rechtshinweise\/\"]}]},{\"@type\":\"BreadcrumbList\",\"@id\":\"https:\/\/rbourgeois.fr\/de\/rechtshinweise\/#breadcrumb\",\"itemListElement\":[{\"@type\":\"ListItem\",\"position\":1,\"name\":\"Accueil\",\"item\":\"https:\/\/rbourgeois.fr\/\"},{\"@type\":\"ListItem\",\"position\":2,\"name\":\"Rechtshinweise\"}]},{\"@type\":\"WebSite\",\"@id\":\"https:\/\/rbourgeois.fr\/#website\",\"url\":\"https:\/\/rbourgeois.fr\/\",\"name\":\"R. Bourgeois\",\"description\":\"Pr\u00e9cision et perfection\",\"publisher\":{\"@id\":\"https:\/\/rbourgeois.fr\/#organization\"},\"alternateName\":\"RBourgeois\",\"potentialAction\":[{\"@type\":\"SearchAction\",\"target\":{\"@type\":\"EntryPoint\",\"urlTemplate\":\"https:\/\/rbourgeois.fr\/?s={search_term_string}\"},\"query-input\":\"required name=search_term_string\"}],\"inLanguage\":\"de\"},{\"@type\":\"Organization\",\"@id\":\"https:\/\/rbourgeois.fr\/#organization\",\"name\":\"R. Bourgeois\",\"url\":\"https:\/\/rbourgeois.fr\/\",\"logo\":{\"@type\":\"ImageObject\",\"inLanguage\":\"de\",\"@id\":\"https:\/\/rbourgeois.fr\/#\/schema\/logo\/image\/\",\"url\":\"https:\/\/rbourgeois.fr\/wp-content\/uploads\/2023\/04\/logo-R.Bourgeois-01.png\",\"contentUrl\":\"https:\/\/rbourgeois.fr\/wp-content\/uploads\/2023\/04\/logo-R.Bourgeois-01.png\",\"width\":500,\"height\":104,\"caption\":\"R. Bourgeois\"},\"image\":{\"@id\":\"https:\/\/rbourgeois.fr\/#\/schema\/logo\/image\/\"},\"sameAs\":[\"https:\/\/www.instagram.com\/rbourgeois_\/\",\"https:\/\/www.linkedin.com\/company\/r-bourgeois\/\",\"https:\/\/www.youtube.com\/channel\/UCNgZ2BX12oI6IfeChaRlnRA\"]}]}<\/script>\n<!-- \/ Yoast SEO plugin. -->","yoast_head_json":{"title":"Rechtshinweise | R. Bourgeois","robots":{"index":"noindex","follow":"nofollow"},"og_locale":"de_DE","og_type":"article","og_title":"Rechtshinweise | R. Bourgeois","og_description":"Die Website rbourgeois.fr wird von R.BOURGEOIS ver\u00f6ffentlicht, einem Unternehmen mit Kapital von 8.400.000 Euro, eingetragen im Handels- und Firmenregister von Besan\u00e7on unter der Nummer B 62 821 207 (SIRET-Nr. 56282120700031) mit eingetragenem Firmensitz in der 25, Rue de Tr\u00e9pillot BP 1077 25002 BESAN\u00c7ON Cedex FRANCE. F\u00fcr die Ver\u00f6ffentlichung Verantwortlicher: Herr BOURGEOIS \u2013 contact@rbourgeois.fr Berater f\u00fcr [&hellip;]","og_url":"https:\/\/rbourgeois.fr\/de\/rechtshinweise\/","og_site_name":"R. Bourgeois","article_modified_time":"2024-07-16T19:24:48+00:00","twitter_card":"summary_large_image","twitter_misc":{"Gesch\u00e4tzte Lesezeit":"2\u00a0Minuten"},"schema":{"@context":"https:\/\/schema.org","@graph":[{"@type":"WebPage","@id":"https:\/\/rbourgeois.fr\/de\/rechtshinweise\/","url":"https:\/\/rbourgeois.fr\/de\/rechtshinweise\/","name":"Rechtshinweise | R. Bourgeois","isPartOf":{"@id":"https:\/\/rbourgeois.fr\/#website"},"datePublished":"2024-04-18T11:56:55+00:00","dateModified":"2024-07-16T19:24:48+00:00","breadcrumb":{"@id":"https:\/\/rbourgeois.fr\/de\/rechtshinweise\/#breadcrumb"},"inLanguage":"de","potentialAction":[{"@type":"ReadAction","target":["https:\/\/rbourgeois.fr\/de\/rechtshinweise\/"]}]},{"@type":"BreadcrumbList","@id":"https:\/\/rbourgeois.fr\/de\/rechtshinweise\/#breadcrumb","itemListElement":[{"@type":"ListItem","position":1,"name":"Accueil","item":"https:\/\/rbourgeois.fr\/"},{"@type":"ListItem","position":2,"name":"Rechtshinweise"}]},{"@type":"WebSite","@id":"https:\/\/rbourgeois.fr\/#website","url":"https:\/\/rbourgeois.fr\/","name":"R. Bourgeois","description":"Pr\u00e9cision et perfection","publisher":{"@id":"https:\/\/rbourgeois.fr\/#organization"},"alternateName":"RBourgeois","potentialAction":[{"@type":"SearchAction","target":{"@type":"EntryPoint","urlTemplate":"https:\/\/rbourgeois.fr\/?s={search_term_string}"},"query-input":"required name=search_term_string"}],"inLanguage":"de"},{"@type":"Organization","@id":"https:\/\/rbourgeois.fr\/#organization","name":"R. Bourgeois","url":"https:\/\/rbourgeois.fr\/","logo":{"@type":"ImageObject","inLanguage":"de","@id":"https:\/\/rbourgeois.fr\/#\/schema\/logo\/image\/","url":"https:\/\/rbourgeois.fr\/wp-content\/uploads\/2023\/04\/logo-R.Bourgeois-01.png","contentUrl":"https:\/\/rbourgeois.fr\/wp-content\/uploads\/2023\/04\/logo-R.Bourgeois-01.png","width":500,"height":104,"caption":"R. Bourgeois"},"image":{"@id":"https:\/\/rbourgeois.fr\/#\/schema\/logo\/image\/"},"sameAs":["https:\/\/www.instagram.com\/rbourgeois_\/","https:\/\/www.linkedin.com\/company\/r-bourgeois\/","https:\/\/www.youtube.com\/channel\/UCNgZ2BX12oI6IfeChaRlnRA"]}]}},"_links":{"self":[{"href":"https:\/\/rbourgeois.fr\/de\/wp-json\/wp\/v2\/pages\/228148","targetHints":{"allow":["GET"]}}],"collection":[{"href":"https:\/\/rbourgeois.fr\/de\/wp-json\/wp\/v2\/pages"}],"about":[{"href":"https:\/\/rbourgeois.fr\/de\/wp-json\/wp\/v2\/types\/page"}],"author":[{"embeddable":true,"href":"https:\/\/rbourgeois.fr\/de\/wp-json\/wp\/v2\/users\/1"}],"replies":[{"embeddable":true,"href":"https:\/\/rbourgeois.fr\/de\/wp-json\/wp\/v2\/comments?post=228148"}],"version-history":[{"count":0,"href":"https:\/\/rbourgeois.fr\/de\/wp-json\/wp\/v2\/pages\/228148\/revisions"}],"wp:attachment":[{"href":"https:\/\/rbourgeois.fr\/de\/wp-json\/wp\/v2\/media?parent=228148"}],"curies":[{"name":"wp","href":"https:\/\/api.w.org\/{rel}","templated":true}]}}