{"id":228073,"date":"2023-04-29T18:31:18","date_gmt":"2023-04-29T16:31:18","guid":{"rendered":"https:\/\/rbourgeois.net\/aluminiumeinspritzung\/"},"modified":"2024-07-17T10:06:47","modified_gmt":"2024-07-17T08:06:47","slug":"aluminiumeinspritzung","status":"publish","type":"page","link":"https:\/\/rbourgeois.fr\/de\/aluminiumeinspritzung\/","title":{"rendered":"Aluminiumeinspritzung"},"content":{"rendered":"<p>[et_pb_section fb_built=&#8220;1&#8243; _builder_version=&#8220;4.20.2&#8243; _module_preset=&#8220;e7e95a46-ce95-4908-be63-3ec03e85bade&#8220; global_colors_info=&#8220;{}&#8220;][et_pb_row _builder_version=&#8220;4.20.2&#8243; _module_preset=&#8220;aed77692-5752-4144-9a63-6222073dcea6&#8243; global_colors_info=&#8220;{}&#8220;][et_pb_column type=&#8220;4_4&#8243; _builder_version=&#8220;4.20.2&#8243; _module_preset=&#8220;default&#8220; global_colors_info=&#8220;{}&#8220;][et_pb_text _builder_version=&#8220;4.21.0&#8243; _module_preset=&#8220;8c4ca77b-26c0-4cc1-a5d1-7ad189352104&#8243; custom_margin=&#8220;||0px||false|false&#8220; global_colors_info=&#8220;{}&#8220;]<\/p>\n<h1>Aluminiumeinspritzung<\/h1>\n<p>[\/et_pb_text][et_pb_text _builder_version=&#8220;4.20.4&#8243; _module_preset=&#8220;bfb4334f-f9e5-4e8e-86cc-b886a88d8e44&#8243; global_colors_info=&#8220;{}&#8220;]Vertikale Mitteldruckpressen und horizontale Hochdruckpressen[\/et_pb_text][\/et_pb_column][\/et_pb_row][\/et_pb_section][et_pb_section fb_built=&#8220;1&#8243; _builder_version=&#8220;4.24.3&#8243; _module_preset=&#8220;4aef11da-c8f0-433b-bc4e-15d5ac2415d0&#8243; background_image=&#8220;https:\/\/rbourgeois.fr\/wp-content\/uploads\/2024\/04\/injection-aluminium-R-Bourgeois-01.jpg&#8220; global_colors_info=&#8220;{}&#8220;][\/et_pb_section][et_pb_section fb_built=&#8220;1&#8243; module_class=&#8220;trigger-effect&#8220; _builder_version=&#8220;4.20.4&#8243; _module_preset=&#8220;default&#8220; global_colors_info=&#8220;{}&#8220;][et_pb_row column_structure=&#8220;1_2,1_2&#8243; make_equal=&#8220;on&#8220; _builder_version=&#8220;4.20.4&#8243; _module_preset=&#8220;default&#8220; global_colors_info=&#8220;{}&#8220;][et_pb_column type=&#8220;1_2&#8243; _builder_version=&#8220;4.20.2&#8243; _module_preset=&#8220;default&#8220; global_colors_info=&#8220;{}&#8220;][et_pb_text _builder_version=&#8220;4.20.4&#8243; _module_preset=&#8220;05f08399-0d08-4247-9912-58c0e24609d5&#8243; global_colors_info=&#8220;{}&#8220;]<\/p>\n<h2>Beschreibung<\/h2>\n<p>[\/et_pb_text][et_pb_text _builder_version=&#8220;4.20.4&#8243; _module_preset=&#8220;default&#8220; global_colors_info=&#8220;{}&#8220;]Der Druckguss-Aluminiumrotor von R.Bourgeois ist eine hochwertige Komponente. Er wird aus druckgegossenem Aluminium gefertigt und ist damit leichter und robuster.<br \/>\nDie Gussformen werden mithilfe von Rheologie- und Simulationssoftware intern entwickelt.<\/p>\n<blockquote><p>Die Rotoren werden mit einer Einspritzmaschine zwischen 150 und 600 Tonnen gefertigt, mit einer Einspritzkapazit\u00e4t von bis zu 30 kg Aluminium Netto pro Rotor.<\/p><\/blockquote>\n<p>Die vertikalen Pressen sind f\u00fcr mittleren Druck und die horizontalen Pressen f\u00fcr hohen Druck ausgelegt.<\/p>\n<p>Spritzgegossene Aluminiumrotoren eignen sich f\u00fcr zahlreiche Anwendungen. Aufgrund ihrer W\u00e4rmebest\u00e4ndigkeit und Haltbarkeit sind sie unter anderem f\u00fcr den Einsatz in Elektromotoren, in der Hausautomation und in der Automobilbranche beliebt. In Pumpen werden sie verwendet, um f\u00fcr einen geregelten Fl\u00fcssigkeits- oder Gasstrom zu sorgen.[\/et_pb_text][\/et_pb_column][et_pb_column type=&#8220;1_2&#8243; module_class=&#8220;centrer-vertical&#8220; _builder_version=&#8220;4.20.4&#8243; _module_preset=&#8220;default&#8220; global_colors_info=&#8220;{}&#8220;][et_pb_image src=&#8220;https:\/\/rbourgeois.fr\/wp-content\/uploads\/2024\/07\/rotor-alu-R-Bourgeois-01.jpg&#8220; alt=&#8220;rotor-alu-R-Bourgeois-01&#8243; title_text=&#8220;rotor-alu-R-Bourgeois-01&#8243; module_class=&#8220;image-3_2&#8243; _builder_version=&#8220;4.25.2&#8243; _module_preset=&#8220;default&#8220; scroll_vertical_motion=&#8220;0|50|50|100|1|0|0&#8243; hover_enabled=&#8220;0&#8243; global_colors_info=&#8220;{}&#8220; sticky_enabled=&#8220;0&#8243;][\/et_pb_image][\/et_pb_column][\/et_pb_row][et_pb_row column_structure=&#8220;1_2,1_2&#8243; _builder_version=&#8220;4.25.2&#8243; _module_preset=&#8220;af354ce4-2276-4177-bb43-96655bf109ab&#8220; global_colors_info=&#8220;{}&#8220;][et_pb_column type=&#8220;1_2&#8243; _builder_version=&#8220;4.25.2&#8243; _module_preset=&#8220;c44bf125-b5c6-468e-bd45-97950b234f9d&#8220; global_colors_info=&#8220;{}&#8220;][et_pb_image src=&#8220;https:\/\/rbourgeois.fr\/wp-content\/uploads\/2024\/04\/injection-aluminium-R-Bourgeois-03.jpg&#8220; alt=&#8220;injection-aluminium-R-Bourgeois-03&#8243; title_text=&#8220;injection-aluminium-R-Bourgeois-03&#8243; _builder_version=&#8220;4.25.2&#8243; _module_preset=&#8220;ae152037-1d9f-4f64-a818-52abdc3049e0&#8243; global_colors_info=&#8220;{}&#8220;][\/et_pb_image][\/et_pb_column][et_pb_column type=&#8220;1_2&#8243; _builder_version=&#8220;4.25.2&#8243; _module_preset=&#8220;29de3399-5cb2-4153-b815-c33a4b04ce87&#8243; global_colors_info=&#8220;{}&#8220;][\/et_pb_column][\/et_pb_row][\/et_pb_section]<\/p>\n","protected":false},"excerpt":{"rendered":"<p>AluminiumeinspritzungVertikale Mitteldruckpressen und horizontale HochdruckpressenBeschreibungDer Druckguss-Aluminiumrotor von R.Bourgeois ist eine hochwertige Komponente. Er wird aus druckgegossenem Aluminium gefertigt und ist damit leichter und robuster. Die Gussformen werden mithilfe von Rheologie- und Simulationssoftware intern entwickelt. Die Rotoren werden mit einer Einspritzmaschine zwischen 150 und 600 Tonnen gefertigt, mit einer Einspritzkapazit\u00e4t von bis zu 30 kg Aluminium [&hellip;]<\/p>\n","protected":false},"author":1,"featured_media":0,"parent":0,"menu_order":0,"comment_status":"closed","ping_status":"closed","template":"","meta":{"_et_pb_use_builder":"on","_et_pb_old_content":"","_et_gb_content_width":"","inline_featured_image":false,"footnotes":""},"class_list":["post-228073","page","type-page","status-publish","hentry"],"yoast_head":"<!-- This site is optimized with the Yoast SEO plugin v23.0 - https:\/\/yoast.com\/wordpress\/plugins\/seo\/ -->\n<title>Aluminiumeinspritzung | R. Bourgeois<\/title>\n<meta name=\"description\" content=\"Die Fertigung erfolgt mit unseren vertikalen Mitteldruckpressen und horizontalen Hochdruckpressen sowie einer Einspritzmaschine zwischen 150 und 600 Tonnen mit Einspritzkapazit\u00e4t von bis zu 30 kg Aluminium Netto pro Rotor\" \/>\n<meta name=\"robots\" content=\"index, follow, max-snippet:-1, max-image-preview:large, max-video-preview:-1\" \/>\n<link rel=\"canonical\" href=\"https:\/\/rbourgeois.fr\/de\/aluminiumeinspritzung\/\" \/>\n<meta property=\"og:locale\" content=\"de_DE\" \/>\n<meta property=\"og:type\" content=\"article\" \/>\n<meta property=\"og:title\" content=\"Aluminiumeinspritzung | R. Bourgeois\" \/>\n<meta property=\"og:description\" content=\"Die Fertigung erfolgt mit unseren vertikalen Mitteldruckpressen und horizontalen Hochdruckpressen sowie einer Einspritzmaschine zwischen 150 und 600 Tonnen mit Einspritzkapazit\u00e4t von bis zu 30 kg Aluminium Netto pro Rotor\" \/>\n<meta property=\"og:url\" content=\"https:\/\/rbourgeois.fr\/de\/aluminiumeinspritzung\/\" \/>\n<meta property=\"og:site_name\" content=\"R. Bourgeois\" \/>\n<meta property=\"article:modified_time\" content=\"2024-07-17T08:06:47+00:00\" \/>\n<meta name=\"twitter:card\" content=\"summary_large_image\" \/>\n<meta name=\"twitter:label1\" content=\"Gesch\u00e4tzte Lesezeit\" \/>\n\t<meta name=\"twitter:data1\" content=\"3\u00a0Minuten\" \/>\n<script type=\"application\/ld+json\" class=\"yoast-schema-graph\">{\"@context\":\"https:\/\/schema.org\",\"@graph\":[{\"@type\":\"WebPage\",\"@id\":\"https:\/\/rbourgeois.fr\/de\/aluminiumeinspritzung\/\",\"url\":\"https:\/\/rbourgeois.fr\/de\/aluminiumeinspritzung\/\",\"name\":\"Aluminiumeinspritzung | R. Bourgeois\",\"isPartOf\":{\"@id\":\"https:\/\/rbourgeois.fr\/#website\"},\"datePublished\":\"2023-04-29T16:31:18+00:00\",\"dateModified\":\"2024-07-17T08:06:47+00:00\",\"description\":\"Die Fertigung erfolgt mit unseren vertikalen Mitteldruckpressen und horizontalen Hochdruckpressen sowie einer Einspritzmaschine zwischen 150 und 600 Tonnen mit Einspritzkapazit\u00e4t von bis zu 30 kg Aluminium Netto pro Rotor\",\"breadcrumb\":{\"@id\":\"https:\/\/rbourgeois.fr\/de\/aluminiumeinspritzung\/#breadcrumb\"},\"inLanguage\":\"de\",\"potentialAction\":[{\"@type\":\"ReadAction\",\"target\":[\"https:\/\/rbourgeois.fr\/de\/aluminiumeinspritzung\/\"]}]},{\"@type\":\"BreadcrumbList\",\"@id\":\"https:\/\/rbourgeois.fr\/de\/aluminiumeinspritzung\/#breadcrumb\",\"itemListElement\":[{\"@type\":\"ListItem\",\"position\":1,\"name\":\"Accueil\",\"item\":\"https:\/\/rbourgeois.fr\/\"},{\"@type\":\"ListItem\",\"position\":2,\"name\":\"Aluminiumeinspritzung\"}]},{\"@type\":\"WebSite\",\"@id\":\"https:\/\/rbourgeois.fr\/#website\",\"url\":\"https:\/\/rbourgeois.fr\/\",\"name\":\"R. Bourgeois\",\"description\":\"Pr\u00e9cision et perfection\",\"publisher\":{\"@id\":\"https:\/\/rbourgeois.fr\/#organization\"},\"alternateName\":\"RBourgeois\",\"potentialAction\":[{\"@type\":\"SearchAction\",\"target\":{\"@type\":\"EntryPoint\",\"urlTemplate\":\"https:\/\/rbourgeois.fr\/?s={search_term_string}\"},\"query-input\":\"required name=search_term_string\"}],\"inLanguage\":\"de\"},{\"@type\":\"Organization\",\"@id\":\"https:\/\/rbourgeois.fr\/#organization\",\"name\":\"R. Bourgeois\",\"url\":\"https:\/\/rbourgeois.fr\/\",\"logo\":{\"@type\":\"ImageObject\",\"inLanguage\":\"de\",\"@id\":\"https:\/\/rbourgeois.fr\/#\/schema\/logo\/image\/\",\"url\":\"https:\/\/rbourgeois.fr\/wp-content\/uploads\/2023\/04\/logo-R.Bourgeois-01.png\",\"contentUrl\":\"https:\/\/rbourgeois.fr\/wp-content\/uploads\/2023\/04\/logo-R.Bourgeois-01.png\",\"width\":500,\"height\":104,\"caption\":\"R. Bourgeois\"},\"image\":{\"@id\":\"https:\/\/rbourgeois.fr\/#\/schema\/logo\/image\/\"},\"sameAs\":[\"https:\/\/www.instagram.com\/rbourgeois_\/\",\"https:\/\/www.linkedin.com\/company\/r-bourgeois\/\",\"https:\/\/www.youtube.com\/channel\/UCNgZ2BX12oI6IfeChaRlnRA\"]}]}<\/script>\n<!-- \/ Yoast SEO plugin. -->","yoast_head_json":{"title":"Aluminiumeinspritzung | R. Bourgeois","description":"Die Fertigung erfolgt mit unseren vertikalen Mitteldruckpressen und horizontalen Hochdruckpressen sowie einer Einspritzmaschine zwischen 150 und 600 Tonnen mit Einspritzkapazit\u00e4t von bis zu 30 kg Aluminium Netto pro Rotor","robots":{"index":"index","follow":"follow","max-snippet":"max-snippet:-1","max-image-preview":"max-image-preview:large","max-video-preview":"max-video-preview:-1"},"canonical":"https:\/\/rbourgeois.fr\/de\/aluminiumeinspritzung\/","og_locale":"de_DE","og_type":"article","og_title":"Aluminiumeinspritzung | R. Bourgeois","og_description":"Die Fertigung erfolgt mit unseren vertikalen Mitteldruckpressen und horizontalen Hochdruckpressen sowie einer Einspritzmaschine zwischen 150 und 600 Tonnen mit Einspritzkapazit\u00e4t von bis zu 30 kg Aluminium Netto pro Rotor","og_url":"https:\/\/rbourgeois.fr\/de\/aluminiumeinspritzung\/","og_site_name":"R. Bourgeois","article_modified_time":"2024-07-17T08:06:47+00:00","twitter_card":"summary_large_image","twitter_misc":{"Gesch\u00e4tzte Lesezeit":"3\u00a0Minuten"},"schema":{"@context":"https:\/\/schema.org","@graph":[{"@type":"WebPage","@id":"https:\/\/rbourgeois.fr\/de\/aluminiumeinspritzung\/","url":"https:\/\/rbourgeois.fr\/de\/aluminiumeinspritzung\/","name":"Aluminiumeinspritzung | R. Bourgeois","isPartOf":{"@id":"https:\/\/rbourgeois.fr\/#website"},"datePublished":"2023-04-29T16:31:18+00:00","dateModified":"2024-07-17T08:06:47+00:00","description":"Die Fertigung erfolgt mit unseren vertikalen Mitteldruckpressen und horizontalen Hochdruckpressen sowie einer Einspritzmaschine zwischen 150 und 600 Tonnen mit Einspritzkapazit\u00e4t von bis zu 30 kg Aluminium Netto pro Rotor","breadcrumb":{"@id":"https:\/\/rbourgeois.fr\/de\/aluminiumeinspritzung\/#breadcrumb"},"inLanguage":"de","potentialAction":[{"@type":"ReadAction","target":["https:\/\/rbourgeois.fr\/de\/aluminiumeinspritzung\/"]}]},{"@type":"BreadcrumbList","@id":"https:\/\/rbourgeois.fr\/de\/aluminiumeinspritzung\/#breadcrumb","itemListElement":[{"@type":"ListItem","position":1,"name":"Accueil","item":"https:\/\/rbourgeois.fr\/"},{"@type":"ListItem","position":2,"name":"Aluminiumeinspritzung"}]},{"@type":"WebSite","@id":"https:\/\/rbourgeois.fr\/#website","url":"https:\/\/rbourgeois.fr\/","name":"R. Bourgeois","description":"Pr\u00e9cision et perfection","publisher":{"@id":"https:\/\/rbourgeois.fr\/#organization"},"alternateName":"RBourgeois","potentialAction":[{"@type":"SearchAction","target":{"@type":"EntryPoint","urlTemplate":"https:\/\/rbourgeois.fr\/?s={search_term_string}"},"query-input":"required name=search_term_string"}],"inLanguage":"de"},{"@type":"Organization","@id":"https:\/\/rbourgeois.fr\/#organization","name":"R. Bourgeois","url":"https:\/\/rbourgeois.fr\/","logo":{"@type":"ImageObject","inLanguage":"de","@id":"https:\/\/rbourgeois.fr\/#\/schema\/logo\/image\/","url":"https:\/\/rbourgeois.fr\/wp-content\/uploads\/2023\/04\/logo-R.Bourgeois-01.png","contentUrl":"https:\/\/rbourgeois.fr\/wp-content\/uploads\/2023\/04\/logo-R.Bourgeois-01.png","width":500,"height":104,"caption":"R. Bourgeois"},"image":{"@id":"https:\/\/rbourgeois.fr\/#\/schema\/logo\/image\/"},"sameAs":["https:\/\/www.instagram.com\/rbourgeois_\/","https:\/\/www.linkedin.com\/company\/r-bourgeois\/","https:\/\/www.youtube.com\/channel\/UCNgZ2BX12oI6IfeChaRlnRA"]}]}},"_links":{"self":[{"href":"https:\/\/rbourgeois.fr\/de\/wp-json\/wp\/v2\/pages\/228073","targetHints":{"allow":["GET"]}}],"collection":[{"href":"https:\/\/rbourgeois.fr\/de\/wp-json\/wp\/v2\/pages"}],"about":[{"href":"https:\/\/rbourgeois.fr\/de\/wp-json\/wp\/v2\/types\/page"}],"author":[{"embeddable":true,"href":"https:\/\/rbourgeois.fr\/de\/wp-json\/wp\/v2\/users\/1"}],"replies":[{"embeddable":true,"href":"https:\/\/rbourgeois.fr\/de\/wp-json\/wp\/v2\/comments?post=228073"}],"version-history":[{"count":0,"href":"https:\/\/rbourgeois.fr\/de\/wp-json\/wp\/v2\/pages\/228073\/revisions"}],"wp:attachment":[{"href":"https:\/\/rbourgeois.fr\/de\/wp-json\/wp\/v2\/media?parent=228073"}],"curies":[{"name":"wp","href":"https:\/\/api.w.org\/{rel}","templated":true}]}}