{"id":228067,"date":"2023-07-27T16:48:13","date_gmt":"2023-07-27T14:48:13","guid":{"rendered":"https:\/\/rbourgeois.net\/hev-phev-ev-elektromobilitaet\/"},"modified":"2024-07-19T11:02:57","modified_gmt":"2024-07-19T09:02:57","slug":"hev-phev-ev-elektromobilitaet","status":"publish","type":"page","link":"https:\/\/rbourgeois.fr\/de\/hev-phev-ev-elektromobilitaet\/","title":{"rendered":"HEV\/PHEV\/EV\/Elektromobilit\u00e4t"},"content":{"rendered":"<p>[et_pb_section fb_built=&#8220;1&#8243; _builder_version=&#8220;4.20.2&#8243; _module_preset=&#8220;e7e95a46-ce95-4908-be63-3ec03e85bade&#8220; global_colors_info=&#8220;{}&#8220;][et_pb_row _builder_version=&#8220;4.20.2&#8243; _module_preset=&#8220;aed77692-5752-4144-9a63-6222073dcea6&#8243; global_colors_info=&#8220;{}&#8220;][et_pb_column type=&#8220;4_4&#8243; _builder_version=&#8220;4.20.2&#8243; _module_preset=&#8220;default&#8220; global_colors_info=&#8220;{}&#8220;][et_pb_text _builder_version=&#8220;4.21.0&#8243; _module_preset=&#8220;8c4ca77b-26c0-4cc1-a5d1-7ad189352104&#8243; custom_margin=&#8220;||0px||false|false&#8220; global_colors_info=&#8220;{}&#8220;]<\/p>\n<h1>HEV\/PHEV\/EV\/Elektromobilit\u00e4t<\/h1>\n<p>[\/et_pb_text][et_pb_text _builder_version=&#8220;4.21.0&#8243; _module_preset=&#8220;bfb4334f-f9e5-4e8e-86cc-b886a88d8e44&#8243; global_colors_info=&#8220;{}&#8220;]Auf die Produktion von Antriebsmotoren f\u00fcr umweltfreundliche Fahrzeuge spezialisierte Abteilung[\/et_pb_text][\/et_pb_column][\/et_pb_row][\/et_pb_section][et_pb_section fb_built=&#8220;1&#8243; _builder_version=&#8220;4.25.2&#8243; _module_preset=&#8220;4aef11da-c8f0-433b-bc4e-15d5ac2415d0&#8243; background_image=&#8220;https:\/\/rbourgeois.fr\/wp-content\/uploads\/2024\/07\/voiture-recharge-R-Bourgeois-01.jpg&#8220; hover_enabled=&#8220;0&#8243; global_colors_info=&#8220;{}&#8220; alt=&#8220;voiture recharge-R-Bourgeois-01&#8243; title_text=&#8220;voiture recharge-R-Bourgeois-01&#8243; sticky_enabled=&#8220;0&#8243;][\/et_pb_section][et_pb_section fb_built=&#8220;1&#8243; module_class=&#8220;trigger-effect&#8220; _builder_version=&#8220;4.20.4&#8243; _module_preset=&#8220;default&#8220; global_colors_info=&#8220;{}&#8220;][et_pb_row column_structure=&#8220;1_2,1_2&#8243; make_equal=&#8220;on&#8220; _builder_version=&#8220;4.20.4&#8243; _module_preset=&#8220;default&#8220; global_colors_info=&#8220;{}&#8220;][et_pb_column type=&#8220;1_2&#8243; _builder_version=&#8220;4.20.2&#8243; _module_preset=&#8220;default&#8220; global_colors_info=&#8220;{}&#8220;][et_pb_text _builder_version=&#8220;4.20.4&#8243; _module_preset=&#8220;05f08399-0d08-4247-9912-58c0e24609d5&#8243; global_colors_info=&#8220;{}&#8220;]<\/p>\n<h2>Beschreibung<\/h2>\n<p>[\/et_pb_text][et_pb_text _builder_version=&#8220;4.25.2&#8243; _module_preset=&#8220;default&#8220; global_colors_info=&#8220;{}&#8220;]<\/p>\n<p>Das Hochpr\u00e4zisions-Stanzwerkzeuge f\u00fcr HEV\/PHEV\/EV- und Elektromobilit\u00e4tsanwendungen wurde speziell f\u00fcr die Bed\u00fcrfnisse der Elektromobilit\u00e4tsbranche entwickelt.<\/p>\n<blockquote>\n<p>Dieses hochentwickelte Werkzeug bietet au\u00dferordentliche Genauigkeit und eine hochwertige Schneideleistung.<\/p>\n<\/blockquote>\n<p>Es eignet sich ideal f\u00fcr Anwendungen in der Herstellung, Montage und Wartung von Hybrid-Elektrofahrzeugen (HEV), Plug-in-Hybrid-Elektrofahrzeugen (PHEV) und Elektrofahrzeugen (EV).<\/p>\n<p>[\/et_pb_text][\/et_pb_column][et_pb_column type=&#8220;1_2&#8243; module_class=&#8220;centrer-vertical&#8220; _builder_version=&#8220;4.20.4&#8243; _module_preset=&#8220;default&#8220; global_colors_info=&#8220;{}&#8220;][et_pb_image src=&#8220;https:\/\/rbourgeois.fr\/wp-content\/uploads\/2024\/06\/Ligne-de-presse-electromobilite-R.Bourgeois.jpg&#8220; alt=&#8220;Ligne-de-presse-\u00e9lectromobilit\u00e9-R.Bourgeois&#8220; title_text=&#8220;Ligne-de-presse-\u00e9lectromobilit\u00e9-R.Bourgeois&#8220; module_class=&#8220;image-3_2&#8243; _builder_version=&#8220;4.24.3&#8243; _module_preset=&#8220;default&#8220; scroll_vertical_motion=&#8220;0|50|50|100|1|0|0&#8243; global_colors_info=&#8220;{}&#8220;][\/et_pb_image][\/et_pb_column][\/et_pb_row][et_pb_row column_structure=&#8220;1_2,1_2&#8243; _builder_version=&#8220;4.25.2&#8243; _module_preset=&#8220;af354ce4-2276-4177-bb43-96655bf109ab&#8220; global_colors_info=&#8220;{}&#8220;][et_pb_column type=&#8220;1_2&#8243; _builder_version=&#8220;4.25.2&#8243; _module_preset=&#8220;c44bf125-b5c6-468e-bd45-97950b234f9d&#8220; global_colors_info=&#8220;{}&#8220;][et_pb_image src=&#8220;https:\/\/rbourgeois.fr\/wp-content\/uploads\/2024\/04\/electromobilite-R.Bourgeois-03.jpg&#8220; alt=&#8220;electromobilite-R.Bourgeois-03&#8243; title_text=&#8220;electromobilite-R.Bourgeois-03&#8243; _builder_version=&#8220;4.25.2&#8243; _module_preset=&#8220;ae152037-1d9f-4f64-a818-52abdc3049e0&#8243; global_colors_info=&#8220;{}&#8220;][\/et_pb_image][\/et_pb_column][et_pb_column type=&#8220;1_2&#8243; _builder_version=&#8220;4.25.2&#8243; _module_preset=&#8220;29de3399-5cb2-4153-b815-c33a4b04ce87&#8243; global_colors_info=&#8220;{}&#8220;][\/et_pb_column][\/et_pb_row][\/et_pb_section]<\/p>\n","protected":false},"excerpt":{"rendered":"<p>HEV\/PHEV\/EV\/Elektromobilit\u00e4tAuf die Produktion von Antriebsmotoren f\u00fcr umweltfreundliche Fahrzeuge spezialisierte AbteilungBeschreibungDas Hochpr\u00e4zisions-Stanzwerkzeuge f\u00fcr HEV\/PHEV\/EV- und Elektromobilit\u00e4tsanwendungen wurde speziell f\u00fcr die Bed\u00fcrfnisse der Elektromobilit\u00e4tsbranche entwickelt. Dieses hochentwickelte Werkzeug bietet au\u00dferordentliche Genauigkeit und eine hochwertige Schneideleistung. Es eignet sich ideal f\u00fcr Anwendungen in der Herstellung, Montage und Wartung von Hybrid-Elektrofahrzeugen (HEV), Plug-in-Hybrid-Elektrofahrzeugen (PHEV) und Elektrofahrzeugen (EV).<\/p>\n","protected":false},"author":1,"featured_media":0,"parent":0,"menu_order":0,"comment_status":"closed","ping_status":"closed","template":"","meta":{"_et_pb_use_builder":"on","_et_pb_old_content":"","_et_gb_content_width":"","inline_featured_image":false,"footnotes":""},"class_list":["post-228067","page","type-page","status-publish","hentry"],"yoast_head":"<!-- This site is optimized with the Yoast SEO plugin v23.0 - https:\/\/yoast.com\/wordpress\/plugins\/seo\/ -->\n<title>HEV\/PHEV\/EV\/Elektromobilit\u00e4t | R. Bourgeois<\/title>\n<meta name=\"description\" content=\"Entdecken Sie Das Hochpr\u00e4zisions-Stanzwerkzeuge f\u00fcr HEV\/PHEV\/EV- und Elektromobilit\u00e4tsanwendungen, das speziell f\u00fcr die Bed\u00fcrfnisse der Elektromobilit\u00e4tsbranche entwickelt wurde.\" \/>\n<meta name=\"robots\" content=\"index, follow, max-snippet:-1, max-image-preview:large, max-video-preview:-1\" \/>\n<link rel=\"canonical\" href=\"https:\/\/rbourgeois.fr\/de\/hev-phev-ev-elektromobilitaet\/\" \/>\n<meta property=\"og:locale\" content=\"de_DE\" \/>\n<meta property=\"og:type\" content=\"article\" \/>\n<meta property=\"og:title\" content=\"HEV\/PHEV\/EV\/Elektromobilit\u00e4t | R. Bourgeois\" \/>\n<meta property=\"og:description\" content=\"Entdecken Sie Das Hochpr\u00e4zisions-Stanzwerkzeuge f\u00fcr HEV\/PHEV\/EV- und Elektromobilit\u00e4tsanwendungen, das speziell f\u00fcr die Bed\u00fcrfnisse der Elektromobilit\u00e4tsbranche entwickelt wurde.\" \/>\n<meta property=\"og:url\" content=\"https:\/\/rbourgeois.fr\/de\/hev-phev-ev-elektromobilitaet\/\" \/>\n<meta property=\"og:site_name\" content=\"R. Bourgeois\" \/>\n<meta property=\"article:modified_time\" content=\"2024-07-19T09:02:57+00:00\" \/>\n<meta name=\"twitter:card\" content=\"summary_large_image\" \/>\n<meta name=\"twitter:label1\" content=\"Gesch\u00e4tzte Lesezeit\" \/>\n\t<meta name=\"twitter:data1\" content=\"2\u00a0Minuten\" \/>\n<script type=\"application\/ld+json\" class=\"yoast-schema-graph\">{\"@context\":\"https:\/\/schema.org\",\"@graph\":[{\"@type\":\"WebPage\",\"@id\":\"https:\/\/rbourgeois.fr\/de\/hev-phev-ev-elektromobilitaet\/\",\"url\":\"https:\/\/rbourgeois.fr\/de\/hev-phev-ev-elektromobilitaet\/\",\"name\":\"HEV\/PHEV\/EV\/Elektromobilit\u00e4t | R. Bourgeois\",\"isPartOf\":{\"@id\":\"https:\/\/rbourgeois.fr\/#website\"},\"datePublished\":\"2023-07-27T14:48:13+00:00\",\"dateModified\":\"2024-07-19T09:02:57+00:00\",\"description\":\"Entdecken Sie Das Hochpr\u00e4zisions-Stanzwerkzeuge f\u00fcr HEV\/PHEV\/EV- und Elektromobilit\u00e4tsanwendungen, das speziell f\u00fcr die Bed\u00fcrfnisse der Elektromobilit\u00e4tsbranche entwickelt wurde.\",\"breadcrumb\":{\"@id\":\"https:\/\/rbourgeois.fr\/de\/hev-phev-ev-elektromobilitaet\/#breadcrumb\"},\"inLanguage\":\"de\",\"potentialAction\":[{\"@type\":\"ReadAction\",\"target\":[\"https:\/\/rbourgeois.fr\/de\/hev-phev-ev-elektromobilitaet\/\"]}]},{\"@type\":\"BreadcrumbList\",\"@id\":\"https:\/\/rbourgeois.fr\/de\/hev-phev-ev-elektromobilitaet\/#breadcrumb\",\"itemListElement\":[{\"@type\":\"ListItem\",\"position\":1,\"name\":\"Accueil\",\"item\":\"https:\/\/rbourgeois.fr\/\"},{\"@type\":\"ListItem\",\"position\":2,\"name\":\"HEV\/PHEV\/EV\/Elektromobilit\u00e4t\"}]},{\"@type\":\"WebSite\",\"@id\":\"https:\/\/rbourgeois.fr\/#website\",\"url\":\"https:\/\/rbourgeois.fr\/\",\"name\":\"R. Bourgeois\",\"description\":\"Pr\u00e9cision et perfection\",\"publisher\":{\"@id\":\"https:\/\/rbourgeois.fr\/#organization\"},\"alternateName\":\"RBourgeois\",\"potentialAction\":[{\"@type\":\"SearchAction\",\"target\":{\"@type\":\"EntryPoint\",\"urlTemplate\":\"https:\/\/rbourgeois.fr\/?s={search_term_string}\"},\"query-input\":\"required name=search_term_string\"}],\"inLanguage\":\"de\"},{\"@type\":\"Organization\",\"@id\":\"https:\/\/rbourgeois.fr\/#organization\",\"name\":\"R. Bourgeois\",\"url\":\"https:\/\/rbourgeois.fr\/\",\"logo\":{\"@type\":\"ImageObject\",\"inLanguage\":\"de\",\"@id\":\"https:\/\/rbourgeois.fr\/#\/schema\/logo\/image\/\",\"url\":\"https:\/\/rbourgeois.fr\/wp-content\/uploads\/2023\/04\/logo-R.Bourgeois-01.png\",\"contentUrl\":\"https:\/\/rbourgeois.fr\/wp-content\/uploads\/2023\/04\/logo-R.Bourgeois-01.png\",\"width\":500,\"height\":104,\"caption\":\"R. Bourgeois\"},\"image\":{\"@id\":\"https:\/\/rbourgeois.fr\/#\/schema\/logo\/image\/\"},\"sameAs\":[\"https:\/\/www.instagram.com\/rbourgeois_\/\",\"https:\/\/www.linkedin.com\/company\/r-bourgeois\/\",\"https:\/\/www.youtube.com\/channel\/UCNgZ2BX12oI6IfeChaRlnRA\"]}]}<\/script>\n<!-- \/ Yoast SEO plugin. -->","yoast_head_json":{"title":"HEV\/PHEV\/EV\/Elektromobilit\u00e4t | R. Bourgeois","description":"Entdecken Sie Das Hochpr\u00e4zisions-Stanzwerkzeuge f\u00fcr HEV\/PHEV\/EV- und Elektromobilit\u00e4tsanwendungen, das speziell f\u00fcr die Bed\u00fcrfnisse der Elektromobilit\u00e4tsbranche entwickelt wurde.","robots":{"index":"index","follow":"follow","max-snippet":"max-snippet:-1","max-image-preview":"max-image-preview:large","max-video-preview":"max-video-preview:-1"},"canonical":"https:\/\/rbourgeois.fr\/de\/hev-phev-ev-elektromobilitaet\/","og_locale":"de_DE","og_type":"article","og_title":"HEV\/PHEV\/EV\/Elektromobilit\u00e4t | R. Bourgeois","og_description":"Entdecken Sie Das Hochpr\u00e4zisions-Stanzwerkzeuge f\u00fcr HEV\/PHEV\/EV- und Elektromobilit\u00e4tsanwendungen, das speziell f\u00fcr die Bed\u00fcrfnisse der Elektromobilit\u00e4tsbranche entwickelt wurde.","og_url":"https:\/\/rbourgeois.fr\/de\/hev-phev-ev-elektromobilitaet\/","og_site_name":"R. Bourgeois","article_modified_time":"2024-07-19T09:02:57+00:00","twitter_card":"summary_large_image","twitter_misc":{"Gesch\u00e4tzte Lesezeit":"2\u00a0Minuten"},"schema":{"@context":"https:\/\/schema.org","@graph":[{"@type":"WebPage","@id":"https:\/\/rbourgeois.fr\/de\/hev-phev-ev-elektromobilitaet\/","url":"https:\/\/rbourgeois.fr\/de\/hev-phev-ev-elektromobilitaet\/","name":"HEV\/PHEV\/EV\/Elektromobilit\u00e4t | R. Bourgeois","isPartOf":{"@id":"https:\/\/rbourgeois.fr\/#website"},"datePublished":"2023-07-27T14:48:13+00:00","dateModified":"2024-07-19T09:02:57+00:00","description":"Entdecken Sie Das Hochpr\u00e4zisions-Stanzwerkzeuge f\u00fcr HEV\/PHEV\/EV- und Elektromobilit\u00e4tsanwendungen, das speziell f\u00fcr die Bed\u00fcrfnisse der Elektromobilit\u00e4tsbranche entwickelt wurde.","breadcrumb":{"@id":"https:\/\/rbourgeois.fr\/de\/hev-phev-ev-elektromobilitaet\/#breadcrumb"},"inLanguage":"de","potentialAction":[{"@type":"ReadAction","target":["https:\/\/rbourgeois.fr\/de\/hev-phev-ev-elektromobilitaet\/"]}]},{"@type":"BreadcrumbList","@id":"https:\/\/rbourgeois.fr\/de\/hev-phev-ev-elektromobilitaet\/#breadcrumb","itemListElement":[{"@type":"ListItem","position":1,"name":"Accueil","item":"https:\/\/rbourgeois.fr\/"},{"@type":"ListItem","position":2,"name":"HEV\/PHEV\/EV\/Elektromobilit\u00e4t"}]},{"@type":"WebSite","@id":"https:\/\/rbourgeois.fr\/#website","url":"https:\/\/rbourgeois.fr\/","name":"R. Bourgeois","description":"Pr\u00e9cision et perfection","publisher":{"@id":"https:\/\/rbourgeois.fr\/#organization"},"alternateName":"RBourgeois","potentialAction":[{"@type":"SearchAction","target":{"@type":"EntryPoint","urlTemplate":"https:\/\/rbourgeois.fr\/?s={search_term_string}"},"query-input":"required name=search_term_string"}],"inLanguage":"de"},{"@type":"Organization","@id":"https:\/\/rbourgeois.fr\/#organization","name":"R. Bourgeois","url":"https:\/\/rbourgeois.fr\/","logo":{"@type":"ImageObject","inLanguage":"de","@id":"https:\/\/rbourgeois.fr\/#\/schema\/logo\/image\/","url":"https:\/\/rbourgeois.fr\/wp-content\/uploads\/2023\/04\/logo-R.Bourgeois-01.png","contentUrl":"https:\/\/rbourgeois.fr\/wp-content\/uploads\/2023\/04\/logo-R.Bourgeois-01.png","width":500,"height":104,"caption":"R. Bourgeois"},"image":{"@id":"https:\/\/rbourgeois.fr\/#\/schema\/logo\/image\/"},"sameAs":["https:\/\/www.instagram.com\/rbourgeois_\/","https:\/\/www.linkedin.com\/company\/r-bourgeois\/","https:\/\/www.youtube.com\/channel\/UCNgZ2BX12oI6IfeChaRlnRA"]}]}},"_links":{"self":[{"href":"https:\/\/rbourgeois.fr\/de\/wp-json\/wp\/v2\/pages\/228067","targetHints":{"allow":["GET"]}}],"collection":[{"href":"https:\/\/rbourgeois.fr\/de\/wp-json\/wp\/v2\/pages"}],"about":[{"href":"https:\/\/rbourgeois.fr\/de\/wp-json\/wp\/v2\/types\/page"}],"author":[{"embeddable":true,"href":"https:\/\/rbourgeois.fr\/de\/wp-json\/wp\/v2\/users\/1"}],"replies":[{"embeddable":true,"href":"https:\/\/rbourgeois.fr\/de\/wp-json\/wp\/v2\/comments?post=228067"}],"version-history":[{"count":0,"href":"https:\/\/rbourgeois.fr\/de\/wp-json\/wp\/v2\/pages\/228067\/revisions"}],"wp:attachment":[{"href":"https:\/\/rbourgeois.fr\/de\/wp-json\/wp\/v2\/media?parent=228067"}],"curies":[{"name":"wp","href":"https:\/\/api.w.org\/{rel}","templated":true}]}}